{"id":94,"date":"2026-02-21T10:45:59","date_gmt":"2026-02-21T10:45:59","guid":{"rendered":"https:\/\/magalichaulet-psychologue.fr\/?page_id=94"},"modified":"2026-02-21T12:07:53","modified_gmt":"2026-02-21T12:07:53","slug":"qui-suis-je","status":"publish","type":"page","link":"https:\/\/magalichaulet-psychologue.fr\/index.php\/qui-suis-je\/","title":{"rendered":"Qui suis-je ?"},"content":{"rendered":"\t\t<div data-elementor-type=\"wp-page\" data-elementor-id=\"94\" class=\"elementor elementor-94\" data-elementor-post-type=\"page\">\n\t\t\t\t<div class=\"elementor-element elementor-element-caaee7c e-con-full e-flex e-con e-parent\" data-id=\"caaee7c\" data-element_type=\"container\" data-e-type=\"container\" data-settings=\"{&quot;background_background&quot;:&quot;classic&quot;}\">\n\t\t\t\t<div class=\"elementor-element elementor-element-da169d3 elementor-widget elementor-widget-heading\" data-id=\"da169d3\" data-element_type=\"widget\" data-e-type=\"widget\" data-widget_type=\"heading.default\">\n\t\t\t\t\t<h1 class=\"elementor-heading-title elementor-size-default\">Magali CHAULET<\/h1>\t\t\t\t<\/div>\n\t\t\t\t<div class=\"elementor-element elementor-element-b2ed673 elementor-widget-divider--view-line_icon elementor-view-default elementor-widget-divider--element-align-center elementor-widget elementor-widget-divider\" data-id=\"b2ed673\" data-element_type=\"widget\" data-e-type=\"widget\" data-widget_type=\"divider.default\">\n\t\t\t\t\t\t\t<div class=\"elementor-divider\">\n\t\t\t<span class=\"elementor-divider-separator\">\n\t\t\t\t\t\t\t<div class=\"elementor-icon elementor-divider__element\">\n\t\t\t\t\t<svg aria-hidden=\"true\" class=\"e-font-icon-svg e-fas-eye\" viewBox=\"0 0 576 512\" xmlns=\"http:\/\/www.w3.org\/2000\/svg\"><path d=\"M572.52 241.4C518.29 135.59 410.93 64 288 64S57.68 135.64 3.48 241.41a32.35 32.35 0 0 0 0 29.19C57.71 376.41 165.07 448 288 448s230.32-71.64 284.52-177.41a32.35 32.35 0 0 0 0-29.19zM288 400a144 144 0 1 1 144-144 143.93 143.93 0 0 1-144 144zm0-240a95.31 95.31 0 0 0-25.31 3.79 47.85 47.85 0 0 1-66.9 66.9A95.78 95.78 0 1 0 288 160z\"><\/path><\/svg><\/div>\n\t\t\t\t\t\t<\/span>\n\t\t<\/div>\n\t\t\t\t\t\t<\/div>\n\t\t\t\t<div class=\"elementor-element elementor-element-9698e6d elementor-widget elementor-widget-heading\" data-id=\"9698e6d\" data-element_type=\"widget\" data-e-type=\"widget\" data-widget_type=\"heading.default\">\n\t\t\t\t\t<h2 class=\"elementor-heading-title elementor-size-default\">Psychologue et praticienne EMDR<\/h2>\t\t\t\t<\/div>\n\t\t\t\t<div class=\"elementor-element elementor-element-5a83b9b elementor-align-center elementor-widget elementor-widget-button\" data-id=\"5a83b9b\" data-element_type=\"widget\" data-e-type=\"widget\" data-widget_type=\"button.default\">\n\t\t\t\t\t\t\t\t\t\t<a class=\"elementor-button elementor-button-link elementor-size-sm elementor-animation-grow\" href=\"https:\/\/terapiz.com\/psychologue\/gannat\/magali-chaulet\">\n\t\t\t\t\t\t<span class=\"elementor-button-content-wrapper\">\n\t\t\t\t\t\t<span class=\"elementor-button-icon\">\n\t\t\t\t<svg aria-hidden=\"true\" class=\"e-font-icon-svg e-fas-external-link-alt\" viewBox=\"0 0 512 512\" xmlns=\"http:\/\/www.w3.org\/2000\/svg\"><path d=\"M432,320H400a16,16,0,0,0-16,16V448H64V128H208a16,16,0,0,0,16-16V80a16,16,0,0,0-16-16H48A48,48,0,0,0,0,112V464a48,48,0,0,0,48,48H400a48,48,0,0,0,48-48V336A16,16,0,0,0,432,320ZM488,0h-128c-21.37,0-32.05,25.91-17,41l35.73,35.73L135,320.37a24,24,0,0,0,0,34L157.67,377a24,24,0,0,0,34,0L435.28,133.32,471,169c15,15,41,4.5,41-17V24A24,24,0,0,0,488,0Z\"><\/path><\/svg>\t\t\t<\/span>\n\t\t\t\t\t\t\t\t\t<span class=\"elementor-button-text\">Prendre RDV<\/span>\n\t\t\t\t\t<\/span>\n\t\t\t\t\t<\/a>\n\t\t\t\t\t\t\t\t<\/div>\n\t\t\t\t<div class=\"elementor-element elementor-element-8e9b693 elementor-widget elementor-widget-spacer\" data-id=\"8e9b693\" data-element_type=\"widget\" data-e-type=\"widget\" data-widget_type=\"spacer.default\">\n\t\t\t\t\t\t\t<div class=\"elementor-spacer\">\n\t\t\t<div class=\"elementor-spacer-inner\"><\/div>\n\t\t<\/div>\n\t\t\t\t\t\t<\/div>\n\t\t\t\t<\/div>\n\t\t<div class=\"elementor-element elementor-element-99373e9 e-con-full e-flex e-con e-parent\" data-id=\"99373e9\" data-element_type=\"container\" data-e-type=\"container\" data-settings=\"{&quot;background_background&quot;:&quot;classic&quot;}\">\n\t\t<div class=\"elementor-element elementor-element-b7c59bf e-con-full e-flex e-con e-child\" data-id=\"b7c59bf\" data-element_type=\"container\" data-e-type=\"container\" data-settings=\"{&quot;background_background&quot;:&quot;classic&quot;}\">\n\t\t\t\t<div class=\"elementor-element elementor-element-99ef900 elementor-blockquote--skin-quotation elementor-blockquote--align-center elementor-widget elementor-widget-blockquote\" data-id=\"99ef900\" data-element_type=\"widget\" data-e-type=\"widget\" data-widget_type=\"blockquote.default\">\n\t\t\t\t\t\t\t<blockquote class=\"elementor-blockquote\">\n\t\t\t<p class=\"elementor-blockquote__content\">\n\t\t\t\tJe suis en th\u00e9rapie pour apprendre comment me comporter avec ceux qui devraient \u00eatre en th\u00e9rapie.\t\t\t<\/p>\n\t\t\t\t\t<\/blockquote>\n\t\t\t\t\t\t<\/div>\n\t\t\t\t<\/div>\n\t\t<div class=\"elementor-element elementor-element-228a821 e-con-full e-flex e-con e-child\" data-id=\"228a821\" data-element_type=\"container\" data-e-type=\"container\">\n\t\t<div class=\"elementor-element elementor-element-2266df6 e-con-full e-flex e-con e-child\" data-id=\"2266df6\" data-element_type=\"container\" data-e-type=\"container\">\n\t\t\t\t<div class=\"elementor-element elementor-element-e4d538a elementor-widget elementor-widget-heading\" data-id=\"e4d538a\" data-element_type=\"widget\" data-e-type=\"widget\" data-widget_type=\"heading.default\">\n\t\t\t\t\t<h2 class=\"elementor-heading-title elementor-size-default\">Qui suis-je ?<\/h2>\t\t\t\t<\/div>\n\t\t\t\t<\/div>\n\t\t<div class=\"elementor-element elementor-element-7094b8e e-con-full e-flex e-con e-child\" data-id=\"7094b8e\" data-element_type=\"container\" data-e-type=\"container\">\n\t\t\t\t<div class=\"elementor-element elementor-element-187f759 elementor-widget elementor-widget-text-editor\" data-id=\"187f759\" data-element_type=\"widget\" data-e-type=\"widget\" data-widget_type=\"text-editor.default\">\n\t\t\t\t\t\t\t\t\t<p>Magali Chaulet, je suis psychologue sp\u00e9cialis\u00e9e dans le psychotraumatisme de l&rsquo;adulte, psychoth\u00e9rapeute enregistr\u00e9e \u00e0 l&rsquo;ARS et praticienne EMDR accr\u00e9dit\u00e9e par EMDR-Europe.<\/p><p>Mon approche int\u00e9grative se situe \u00e0 mi-chemin entre les neurosciences et la psychopathologie d\u00e9veloppementale.<\/p><p>Mon parcours est n\u00e9 d&rsquo;une insatiable curiosit\u00e9 pour le fonctionnement du corps humain. Comment devenons-nous celui ou celle que nous sommes ? Pourquoi\u00a0 ?<\/p><p data-start=\"292\" data-end=\"978\">La g\u00e9n\u00e9tique permet d\u2019expliquer en partie nos diff\u00e9rences physiques. Mais qu\u2019en est-il de nos de nos peurs, de nos forces et de nos faiblesses ? Comment comprendre nos choix, nos attirances, nos aversions, nos r\u00e9p\u00e9titions parfois ? Les recherches montrent que notre identit\u00e9 ne se r\u00e9sume ni \u00e0 l\u2019inn\u00e9 ni \u00e0 l\u2019acquis, mais se construit progressivement \u00e0 l\u2019intersection de notre patrimoine biologique, de nos exp\u00e9riences relationnelles et de notre histoire singuli\u00e8re. Notre syst\u00e8me nerveux apprend, s\u2019adapte, m\u00e9morise. Il enregistre ce qui a \u00e9t\u00e9 soutenant comme ce qui a \u00e9t\u00e9 ins\u00e9curisant.<\/p><p data-start=\"980\" data-end=\"1206\">Peu \u00e0 peu, cette r\u00e9flexion m\u2019a conduite \u00e0 m\u2019int\u00e9resser \u00e0 la mani\u00e8re dont les exp\u00e9riences \u2013 en particulier celles qui d\u00e9bordent nos capacit\u00e9s d\u2019adaptation \u2013 peuvent fa\u00e7onner durablement notre rapport \u00e0 nous-m\u00eames et aux autres. Ce qui m\u2019a conduite vers le psychotraumatisme, c\u2019est cette compr\u00e9hension que l\u2019on ne devient pas \u00ab comme on est \u00bb par hasard, et surtout qu&rsquo;on peut gu\u00e9rir de tous les psychotraumatismes.\u00a0<\/p>\t\t\t\t\t\t\t\t<\/div>\n\t\t\t\t<div class=\"elementor-element elementor-element-27d339a elementor-align-center elementor-widget elementor-widget-button\" data-id=\"27d339a\" data-element_type=\"widget\" data-e-type=\"widget\" data-widget_type=\"button.default\">\n\t\t\t\t\t\t\t\t\t\t<a class=\"elementor-button elementor-size-sm elementor-animation-grow\" role=\"button\">\n\t\t\t\t\t\t<span class=\"elementor-button-content-wrapper\">\n\t\t\t\t\t\t<span class=\"elementor-button-icon\">\n\t\t\t\t<svg aria-hidden=\"true\" class=\"e-font-icon-svg e-fas-external-link-alt\" viewBox=\"0 0 512 512\" xmlns=\"http:\/\/www.w3.org\/2000\/svg\"><path d=\"M432,320H400a16,16,0,0,0-16,16V448H64V128H208a16,16,0,0,0,16-16V80a16,16,0,0,0-16-16H48A48,48,0,0,0,0,112V464a48,48,0,0,0,48,48H400a48,48,0,0,0,48-48V336A16,16,0,0,0,432,320ZM488,0h-128c-21.37,0-32.05,25.91-17,41l35.73,35.73L135,320.37a24,24,0,0,0,0,34L157.67,377a24,24,0,0,0,34,0L435.28,133.32,471,169c15,15,41,4.5,41-17V24A24,24,0,0,0,488,0Z\"><\/path><\/svg>\t\t\t<\/span>\n\t\t\t\t\t\t\t\t\t<span class=\"elementor-button-text\">En savoir plus<\/span>\n\t\t\t\t\t<\/span>\n\t\t\t\t\t<\/a>\n\t\t\t\t\t\t\t\t<\/div>\n\t\t\t\t<\/div>\n\t\t\t\t<\/div>\n\t\t\t\t<\/div>\n\t\t<div class=\"elementor-element elementor-element-11f8b8b e-con-full e-flex e-con e-parent\" data-id=\"11f8b8b\" data-element_type=\"container\" data-e-type=\"container\" data-settings=\"{&quot;background_background&quot;:&quot;classic&quot;}\">\n\t\t\t\t<div class=\"elementor-element elementor-element-3e9f027 elementor-widget elementor-widget-heading\" data-id=\"3e9f027\" data-element_type=\"widget\" data-e-type=\"widget\" data-widget_type=\"heading.default\">\n\t\t\t\t\t<h2 class=\"elementor-heading-title elementor-size-default\">Mon parcours de formations<\/h2>\t\t\t\t<\/div>\n\t\t\t\t<div class=\"elementor-element elementor-element-f80f9c6 elementor-widget elementor-widget-text-editor\" data-id=\"f80f9c6\" data-element_type=\"widget\" data-e-type=\"widget\" data-widget_type=\"text-editor.default\">\n\t\t\t\t\t\t\t\t\t<p><strong>2026<\/strong> : Formation Niveau 2 EMDR enfants et ados, \u00e0 l&rsquo;IFEMDR avec Michel Sylvestre ;<\/p><p><strong>2026<\/strong> : Formation \u00e0 la prise en charge des couple en EMDR, \u00e0 l&rsquo;IFEMDR avec Michel Sylvestre et H\u00e9l\u00e8ne Delluci ;<\/p><p><strong>2025<\/strong> : Formation Niveau 1 EMDR enfants et ados, \u00e0 l&rsquo;IFEMDR avec Michel Sylvestre ;<\/p><p><strong>2025<\/strong> : Formation \u00e0 la bo\u00eete de vitesse en EMDR pour la prise en charge du TSPT complexe et des troubles de l&rsquo;attachement, \u00e0 l&rsquo;IFEMDR avec H\u00e9l\u00e8ne Delluci ;<\/p><p><strong>2025<\/strong> : Formation \u00e0 la reprogrammation neuro-posturale, au Labo-RNP de Metz<\/p><p><strong>2025<\/strong> : Formation \u00e0 la prise en charge des psychotraumatismes transg\u00e9n\u00e9rationnels, \u00e0 l&rsquo;IFEMDR avec H\u00e9l\u00e8ne Delluci ;<\/p><p><strong>2024<\/strong> : Obtention de l&rsquo;accr\u00e9ditation \u00ab\u00a0praticienne EMDR Europe\u00a0\u00bb, reconnue internationalement pour la pratique de l&rsquo;EMDR avec les adultes ;<\/p><p><strong>2024<\/strong> : Stage intensif de pratique et de perfectionnement \u00ab\u00a0l&rsquo;Art de l&rsquo;EMDR\u00a0\u00bb, \u00e0 l&rsquo;association Synchronie avec Roger Solomon ;<\/p><p><strong>2023<\/strong> : Participation au Congr\u00e8s EMDR France \u00e0 Nice ;<\/p><p><strong>2023<\/strong> : Formation Niveau 2 EMDR Adulte \u00e0 l&rsquo;EFPE, \u00e0 Toulouse, avec Isabelle Meignant ;<\/p><p><strong>2022<\/strong> : Formation Niveau 1 EMDR Adulte \u00e0 l&rsquo;EFPE, \u00e0 Toulouse, avec Isabelle Meignant ;<\/p><p><strong>2020 &#8211; 2021<\/strong> : Master de psychologie sociale du travail \u00e0 l&rsquo;IED de Paris 8 (avec stage validant en entreprise) ;<\/p><p><span style=\"font-family: -apple-system, BlinkMacSystemFont, 'Segoe UI', Roboto, 'Helvetica Neue', Arial, 'Noto Sans', sans-serif, 'Apple Color Emoji', 'Segoe UI Emoji', 'Segoe UI Symbol', 'Noto Color Emoji';\"><strong>2017 &#8211; 2019<\/strong> : \u00c9tudes Doctorales en Psychologie cognitive et sociale, \u00e0 l&rsquo;Universit\u00e9 Blaise Pascal de Clermont Ferrand ;<\/span><\/p><p><strong>2016 &#8211; 2017<\/strong> : Master de Psychologie, option recherche scientifique, \u00e0 l&rsquo;Universit\u00e9 Blaise Pascal de Clermont Ferrand (avec stage validant en institution) ;<\/p><p><strong>2015 &#8211; 2016<\/strong> : Ma\u00eetrise de Psychologie \u00e0 l&rsquo;Universit\u00e9 Blaise Pascal de Clermont Ferrand ;<\/p><p><strong>2013 &#8211; 2014<\/strong> : Licence de Psychologie \u00e0 l&rsquo;Universit\u00e9 Blaise Pascal de Clermont Ferrand ;<\/p><p><strong>2011 &#8211; 2013<\/strong> : DEUG en sciences humaines et sociales, option psychologie \u00e0 l&rsquo;Universit\u00e9 Blaise Pascal de Clermont Ferrand ;<\/p><p><strong>2010 &#8211; 2011<\/strong> : 1\u00e8re ann\u00e9e de DUT Di\u00e9t\u00e9tique \u00e0 l&rsquo;IUT de C\u00e9zeaux \u00e0 Clermont Ferrand.<\/p>\t\t\t\t\t\t\t\t<\/div>\n\t\t\t\t<div class=\"elementor-element elementor-element-44a2996 elementor-align-center elementor-widget elementor-widget-button\" data-id=\"44a2996\" data-element_type=\"widget\" data-e-type=\"widget\" data-widget_type=\"button.default\">\n\t\t\t\t\t\t\t\t\t\t<a class=\"elementor-button elementor-button-link elementor-size-sm elementor-animation-grow\" href=\"https:\/\/share.google\/0cFteTPTKjOUXr5O3\">\n\t\t\t\t\t\t<span class=\"elementor-button-content-wrapper\">\n\t\t\t\t\t\t<span class=\"elementor-button-icon\">\n\t\t\t\t<svg aria-hidden=\"true\" class=\"e-font-icon-svg e-fas-external-link-alt\" viewBox=\"0 0 512 512\" xmlns=\"http:\/\/www.w3.org\/2000\/svg\"><path d=\"M432,320H400a16,16,0,0,0-16,16V448H64V128H208a16,16,0,0,0,16-16V80a16,16,0,0,0-16-16H48A48,48,0,0,0,0,112V464a48,48,0,0,0,48,48H400a48,48,0,0,0,48-48V336A16,16,0,0,0,432,320ZM488,0h-128c-21.37,0-32.05,25.91-17,41l35.73,35.73L135,320.37a24,24,0,0,0,0,34L157.67,377a24,24,0,0,0,34,0L435.28,133.32,471,169c15,15,41,4.5,41-17V24A24,24,0,0,0,488,0Z\"><\/path><\/svg>\t\t\t<\/span>\n\t\t\t\t\t\t\t\t\t<span class=\"elementor-button-text\">Voir le cabinet sur Google<\/span>\n\t\t\t\t\t<\/span>\n\t\t\t\t\t<\/a>\n\t\t\t\t\t\t\t\t<\/div>\n\t\t\t\t<\/div>\n\t\t<div class=\"elementor-element elementor-element-e76c975 e-con-full e-flex e-con e-parent\" data-id=\"e76c975\" data-element_type=\"container\" data-e-type=\"container\" data-settings=\"{&quot;background_background&quot;:&quot;classic&quot;}\">\n\t\t\t\t<div class=\"elementor-element elementor-element-94a1279 elementor-blockquote--skin-quotation elementor-blockquote--align-center elementor-widget elementor-widget-blockquote\" data-id=\"94a1279\" data-element_type=\"widget\" data-e-type=\"widget\" data-widget_type=\"blockquote.default\">\n\t\t\t\t\t\t\t<blockquote class=\"elementor-blockquote\">\n\t\t\t<p class=\"elementor-blockquote__content\">\n\t\t\t\tL'identit\u00e9 est une narration.\t\t\t<\/p>\n\t\t\t\t\t\t\t<div class=\"e-q-footer\">\n\t\t\t\t\t\t\t\t\t\t\t<cite class=\"elementor-blockquote__author\">Paul Ricoeur<\/cite>\n\t\t\t\t\t\t\t\t\t\t\t\t\t\t<\/div>\n\t\t\t\t\t<\/blockquote>\n\t\t\t\t\t\t<\/div>\n\t\t\t\t<\/div>\n\t\t\t\t<\/div>\n\t\t","protected":false},"excerpt":{"rendered":"<p>Magali CHAULET Psychologue et praticienne EMDR Prendre RDV Je suis en th\u00e9rapie pour apprendre comment me comporter avec ceux qui devraient \u00eatre en th\u00e9rapie. Qui suis-je ? Magali Chaulet, je suis psychologue sp\u00e9cialis\u00e9e dans le psychotraumatisme de l&rsquo;adulte, psychoth\u00e9rapeute enregistr\u00e9e \u00e0 l&rsquo;ARS et praticienne EMDR accr\u00e9dit\u00e9e par EMDR-Europe. Mon approche int\u00e9grative se situe \u00e0 mi-chemin [&hellip;]<\/p>\n","protected":false},"author":1,"featured_media":0,"parent":0,"menu_order":0,"comment_status":"closed","ping_status":"closed","template":"","meta":{"footnotes":""},"class_list":["post-94","page","type-page","status-publish","hentry"],"yoast_head":"<!-- This site is optimized with the Yoast SEO plugin v27.0 - https:\/\/yoast.com\/product\/yoast-seo-wordpress\/ -->\n<title>Qui suis-je ? - Magali CHAULET - Psychologue<\/title>\n<meta name=\"robots\" content=\"index, follow, max-snippet:-1, max-image-preview:large, max-video-preview:-1\" \/>\n<link rel=\"canonical\" href=\"https:\/\/magalichaulet-psychologue.fr\/index.php\/qui-suis-je\/\" \/>\n<meta property=\"og:locale\" content=\"fr_FR\" \/>\n<meta property=\"og:type\" content=\"article\" \/>\n<meta property=\"og:title\" content=\"Qui suis-je ? - Magali CHAULET - Psychologue\" \/>\n<meta property=\"og:description\" content=\"Magali CHAULET Psychologue et praticienne EMDR Prendre RDV Je suis en th\u00e9rapie pour apprendre comment me comporter avec ceux qui devraient \u00eatre en th\u00e9rapie. Qui suis-je ? Magali Chaulet, je suis psychologue sp\u00e9cialis\u00e9e dans le psychotraumatisme de l&rsquo;adulte, psychoth\u00e9rapeute enregistr\u00e9e \u00e0 l&rsquo;ARS et praticienne EMDR accr\u00e9dit\u00e9e par EMDR-Europe. Mon approche int\u00e9grative se situe \u00e0 mi-chemin [&hellip;]\" \/>\n<meta property=\"og:url\" content=\"https:\/\/magalichaulet-psychologue.fr\/index.php\/qui-suis-je\/\" \/>\n<meta property=\"og:site_name\" content=\"Magali CHAULET - Psychologue\" \/>\n<meta property=\"article:modified_time\" content=\"2026-02-21T12:07:53+00:00\" \/>\n<meta name=\"twitter:card\" content=\"summary_large_image\" \/>\n<meta name=\"twitter:label1\" content=\"Dur\u00e9e de lecture estim\u00e9e\" \/>\n\t<meta name=\"twitter:data1\" content=\"3 minutes\" \/>\n<script type=\"application\/ld+json\" class=\"yoast-schema-graph\">{\"@context\":\"https:\/\/schema.org\",\"@graph\":[{\"@type\":\"WebPage\",\"@id\":\"https:\/\/magalichaulet-psychologue.fr\/index.php\/qui-suis-je\/\",\"url\":\"https:\/\/magalichaulet-psychologue.fr\/index.php\/qui-suis-je\/\",\"name\":\"Qui suis-je ? - Magali CHAULET - Psychologue\",\"isPartOf\":{\"@id\":\"https:\/\/magalichaulet-psychologue.fr\/#website\"},\"datePublished\":\"2026-02-21T10:45:59+00:00\",\"dateModified\":\"2026-02-21T12:07:53+00:00\",\"breadcrumb\":{\"@id\":\"https:\/\/magalichaulet-psychologue.fr\/index.php\/qui-suis-je\/#breadcrumb\"},\"inLanguage\":\"fr-FR\",\"potentialAction\":[{\"@type\":\"ReadAction\",\"target\":[\"https:\/\/magalichaulet-psychologue.fr\/index.php\/qui-suis-je\/\"]}]},{\"@type\":\"BreadcrumbList\",\"@id\":\"https:\/\/magalichaulet-psychologue.fr\/index.php\/qui-suis-je\/#breadcrumb\",\"itemListElement\":[{\"@type\":\"ListItem\",\"position\":1,\"name\":\"Accueil\",\"item\":\"https:\/\/magalichaulet-psychologue.fr\/\"},{\"@type\":\"ListItem\",\"position\":2,\"name\":\"Qui suis-je ?\"}]},{\"@type\":\"WebSite\",\"@id\":\"https:\/\/magalichaulet-psychologue.fr\/#website\",\"url\":\"https:\/\/magalichaulet-psychologue.fr\/\",\"name\":\"Magali CHAULET - Psychologue\",\"description\":\"psychologue, psychoth\u00e9rapeute ARS et praticienne EMDR accr\u00e9dit\u00e9e EMDR Europe\",\"publisher\":{\"@id\":\"https:\/\/magalichaulet-psychologue.fr\/#organization\"},\"potentialAction\":[{\"@type\":\"SearchAction\",\"target\":{\"@type\":\"EntryPoint\",\"urlTemplate\":\"https:\/\/magalichaulet-psychologue.fr\/?s={search_term_string}\"},\"query-input\":{\"@type\":\"PropertyValueSpecification\",\"valueRequired\":true,\"valueName\":\"search_term_string\"}}],\"inLanguage\":\"fr-FR\"},{\"@type\":\"Organization\",\"@id\":\"https:\/\/magalichaulet-psychologue.fr\/#organization\",\"name\":\"Magali CHAULET - Psychologue\",\"url\":\"https:\/\/magalichaulet-psychologue.fr\/\",\"logo\":{\"@type\":\"ImageObject\",\"inLanguage\":\"fr-FR\",\"@id\":\"https:\/\/magalichaulet-psychologue.fr\/#\/schema\/logo\/image\/\",\"url\":\"https:\/\/magalichaulet-psychologue.fr\/wp-content\/uploads\/2026\/02\/Logo-psy-6.png\",\"contentUrl\":\"https:\/\/magalichaulet-psychologue.fr\/wp-content\/uploads\/2026\/02\/Logo-psy-6.png\",\"width\":500,\"height\":500,\"caption\":\"Magali CHAULET - Psychologue\"},\"image\":{\"@id\":\"https:\/\/magalichaulet-psychologue.fr\/#\/schema\/logo\/image\/\"}}]}<\/script>\n<!-- \/ Yoast SEO plugin. -->","yoast_head_json":{"title":"Qui suis-je ? - Magali CHAULET - Psychologue","robots":{"index":"index","follow":"follow","max-snippet":"max-snippet:-1","max-image-preview":"max-image-preview:large","max-video-preview":"max-video-preview:-1"},"canonical":"https:\/\/magalichaulet-psychologue.fr\/index.php\/qui-suis-je\/","og_locale":"fr_FR","og_type":"article","og_title":"Qui suis-je ? - Magali CHAULET - Psychologue","og_description":"Magali CHAULET Psychologue et praticienne EMDR Prendre RDV Je suis en th\u00e9rapie pour apprendre comment me comporter avec ceux qui devraient \u00eatre en th\u00e9rapie. Qui suis-je ? Magali Chaulet, je suis psychologue sp\u00e9cialis\u00e9e dans le psychotraumatisme de l&rsquo;adulte, psychoth\u00e9rapeute enregistr\u00e9e \u00e0 l&rsquo;ARS et praticienne EMDR accr\u00e9dit\u00e9e par EMDR-Europe. Mon approche int\u00e9grative se situe \u00e0 mi-chemin [&hellip;]","og_url":"https:\/\/magalichaulet-psychologue.fr\/index.php\/qui-suis-je\/","og_site_name":"Magali CHAULET - Psychologue","article_modified_time":"2026-02-21T12:07:53+00:00","twitter_card":"summary_large_image","twitter_misc":{"Dur\u00e9e de lecture estim\u00e9e":"3 minutes"},"schema":{"@context":"https:\/\/schema.org","@graph":[{"@type":"WebPage","@id":"https:\/\/magalichaulet-psychologue.fr\/index.php\/qui-suis-je\/","url":"https:\/\/magalichaulet-psychologue.fr\/index.php\/qui-suis-je\/","name":"Qui suis-je ? - Magali CHAULET - Psychologue","isPartOf":{"@id":"https:\/\/magalichaulet-psychologue.fr\/#website"},"datePublished":"2026-02-21T10:45:59+00:00","dateModified":"2026-02-21T12:07:53+00:00","breadcrumb":{"@id":"https:\/\/magalichaulet-psychologue.fr\/index.php\/qui-suis-je\/#breadcrumb"},"inLanguage":"fr-FR","potentialAction":[{"@type":"ReadAction","target":["https:\/\/magalichaulet-psychologue.fr\/index.php\/qui-suis-je\/"]}]},{"@type":"BreadcrumbList","@id":"https:\/\/magalichaulet-psychologue.fr\/index.php\/qui-suis-je\/#breadcrumb","itemListElement":[{"@type":"ListItem","position":1,"name":"Accueil","item":"https:\/\/magalichaulet-psychologue.fr\/"},{"@type":"ListItem","position":2,"name":"Qui suis-je ?"}]},{"@type":"WebSite","@id":"https:\/\/magalichaulet-psychologue.fr\/#website","url":"https:\/\/magalichaulet-psychologue.fr\/","name":"Magali CHAULET - Psychologue","description":"psychologue, psychoth\u00e9rapeute ARS et praticienne EMDR accr\u00e9dit\u00e9e EMDR Europe","publisher":{"@id":"https:\/\/magalichaulet-psychologue.fr\/#organization"},"potentialAction":[{"@type":"SearchAction","target":{"@type":"EntryPoint","urlTemplate":"https:\/\/magalichaulet-psychologue.fr\/?s={search_term_string}"},"query-input":{"@type":"PropertyValueSpecification","valueRequired":true,"valueName":"search_term_string"}}],"inLanguage":"fr-FR"},{"@type":"Organization","@id":"https:\/\/magalichaulet-psychologue.fr\/#organization","name":"Magali CHAULET - Psychologue","url":"https:\/\/magalichaulet-psychologue.fr\/","logo":{"@type":"ImageObject","inLanguage":"fr-FR","@id":"https:\/\/magalichaulet-psychologue.fr\/#\/schema\/logo\/image\/","url":"https:\/\/magalichaulet-psychologue.fr\/wp-content\/uploads\/2026\/02\/Logo-psy-6.png","contentUrl":"https:\/\/magalichaulet-psychologue.fr\/wp-content\/uploads\/2026\/02\/Logo-psy-6.png","width":500,"height":500,"caption":"Magali CHAULET - Psychologue"},"image":{"@id":"https:\/\/magalichaulet-psychologue.fr\/#\/schema\/logo\/image\/"}}]}},"_links":{"self":[{"href":"https:\/\/magalichaulet-psychologue.fr\/index.php\/wp-json\/wp\/v2\/pages\/94","targetHints":{"allow":["GET"]}}],"collection":[{"href":"https:\/\/magalichaulet-psychologue.fr\/index.php\/wp-json\/wp\/v2\/pages"}],"about":[{"href":"https:\/\/magalichaulet-psychologue.fr\/index.php\/wp-json\/wp\/v2\/types\/page"}],"author":[{"embeddable":true,"href":"https:\/\/magalichaulet-psychologue.fr\/index.php\/wp-json\/wp\/v2\/users\/1"}],"replies":[{"embeddable":true,"href":"https:\/\/magalichaulet-psychologue.fr\/index.php\/wp-json\/wp\/v2\/comments?post=94"}],"version-history":[{"count":6,"href":"https:\/\/magalichaulet-psychologue.fr\/index.php\/wp-json\/wp\/v2\/pages\/94\/revisions"}],"predecessor-version":[{"id":148,"href":"https:\/\/magalichaulet-psychologue.fr\/index.php\/wp-json\/wp\/v2\/pages\/94\/revisions\/148"}],"wp:attachment":[{"href":"https:\/\/magalichaulet-psychologue.fr\/index.php\/wp-json\/wp\/v2\/media?parent=94"}],"curies":[{"name":"wp","href":"https:\/\/api.w.org\/{rel}","templated":true}]}}