{"id":92,"date":"2026-02-21T12:10:26","date_gmt":"2026-02-21T12:10:26","guid":{"rendered":"https:\/\/magalichaulet-psychologue.fr\/?page_id=92"},"modified":"2026-02-21T12:50:58","modified_gmt":"2026-02-21T12:50:58","slug":"psychotherapie-emdr","status":"publish","type":"page","link":"https:\/\/magalichaulet-psychologue.fr\/index.php\/psychotherapie-emdr\/","title":{"rendered":"Psychoth\u00e9rapie EMDR"},"content":{"rendered":"\t\t<div data-elementor-type=\"wp-page\" data-elementor-id=\"92\" class=\"elementor elementor-92\" data-elementor-post-type=\"page\">\n\t\t\t\t<div class=\"elementor-element elementor-element-caaee7c e-con-full e-flex e-con e-parent\" data-id=\"caaee7c\" data-element_type=\"container\" data-e-type=\"container\" data-settings=\"{&quot;background_background&quot;:&quot;video&quot;,&quot;background_video_link&quot;:&quot;https:\\\/\\\/www.youtube.com\\\/watch?v=UuCTfDvdeoU&quot;}\">\n\t\t<div class=\"elementor-background-video-container elementor-hidden-mobile\">\n\t\t\t\t\t\t\t<div class=\"elementor-background-video-embed\" role=\"presentation\"><\/div>\n\t\t\t\t\t\t<\/div>\t\t<div class=\"elementor-element elementor-element-da169d3 elementor-widget elementor-widget-heading\" data-id=\"da169d3\" data-element_type=\"widget\" data-e-type=\"widget\" data-widget_type=\"heading.default\">\n\t\t\t\t\t<h1 class=\"elementor-heading-title elementor-size-default\">Qu'est-ce que la th\u00e9rapie EMDR ?<\/h1>\t\t\t\t<\/div>\n\t\t\t\t<div class=\"elementor-element elementor-element-b2ed673 elementor-widget-divider--view-line_icon elementor-view-default elementor-widget-divider--element-align-center elementor-widget elementor-widget-divider\" data-id=\"b2ed673\" data-element_type=\"widget\" data-e-type=\"widget\" data-widget_type=\"divider.default\">\n\t\t\t\t\t\t\t<div class=\"elementor-divider\">\n\t\t\t<span class=\"elementor-divider-separator\">\n\t\t\t\t\t\t\t<div class=\"elementor-icon elementor-divider__element\">\n\t\t\t\t\t<svg aria-hidden=\"true\" class=\"e-font-icon-svg e-fas-eye\" viewBox=\"0 0 576 512\" xmlns=\"http:\/\/www.w3.org\/2000\/svg\"><path d=\"M572.52 241.4C518.29 135.59 410.93 64 288 64S57.68 135.64 3.48 241.41a32.35 32.35 0 0 0 0 29.19C57.71 376.41 165.07 448 288 448s230.32-71.64 284.52-177.41a32.35 32.35 0 0 0 0-29.19zM288 400a144 144 0 1 1 144-144 143.93 143.93 0 0 1-144 144zm0-240a95.31 95.31 0 0 0-25.31 3.79 47.85 47.85 0 0 1-66.9 66.9A95.78 95.78 0 1 0 288 160z\"><\/path><\/svg><\/div>\n\t\t\t\t\t\t<\/span>\n\t\t<\/div>\n\t\t\t\t\t\t<\/div>\n\t\t\t\t<div class=\"elementor-element elementor-element-9698e6d elementor-widget elementor-widget-heading\" data-id=\"9698e6d\" data-element_type=\"widget\" data-e-type=\"widget\" data-widget_type=\"heading.default\">\n\t\t\t\t\t<h2 class=\"elementor-heading-title elementor-size-default\">Magali CHAULET - Psychologue et Praticienne EMDR<\/h2>\t\t\t\t<\/div>\n\t\t\t\t<div class=\"elementor-element elementor-element-5a83b9b elementor-align-center elementor-widget elementor-widget-button\" data-id=\"5a83b9b\" data-element_type=\"widget\" data-e-type=\"widget\" data-widget_type=\"button.default\">\n\t\t\t\t\t\t\t\t\t\t<a class=\"elementor-button elementor-button-link elementor-size-sm elementor-animation-grow\" href=\"https:\/\/terapiz.com\/psychologue\/gannat\/magali-chaulet\">\n\t\t\t\t\t\t<span class=\"elementor-button-content-wrapper\">\n\t\t\t\t\t\t<span class=\"elementor-button-icon\">\n\t\t\t\t<svg aria-hidden=\"true\" class=\"e-font-icon-svg e-fas-external-link-alt\" viewBox=\"0 0 512 512\" xmlns=\"http:\/\/www.w3.org\/2000\/svg\"><path d=\"M432,320H400a16,16,0,0,0-16,16V448H64V128H208a16,16,0,0,0,16-16V80a16,16,0,0,0-16-16H48A48,48,0,0,0,0,112V464a48,48,0,0,0,48,48H400a48,48,0,0,0,48-48V336A16,16,0,0,0,432,320ZM488,0h-128c-21.37,0-32.05,25.91-17,41l35.73,35.73L135,320.37a24,24,0,0,0,0,34L157.67,377a24,24,0,0,0,34,0L435.28,133.32,471,169c15,15,41,4.5,41-17V24A24,24,0,0,0,488,0Z\"><\/path><\/svg>\t\t\t<\/span>\n\t\t\t\t\t\t\t\t\t<span class=\"elementor-button-text\">Prendre RDV<\/span>\n\t\t\t\t\t<\/span>\n\t\t\t\t\t<\/a>\n\t\t\t\t\t\t\t\t<\/div>\n\t\t\t\t<div class=\"elementor-element elementor-element-8e9b693 elementor-widget elementor-widget-spacer\" data-id=\"8e9b693\" data-element_type=\"widget\" data-e-type=\"widget\" data-widget_type=\"spacer.default\">\n\t\t\t\t\t\t\t<div class=\"elementor-spacer\">\n\t\t\t<div class=\"elementor-spacer-inner\"><\/div>\n\t\t<\/div>\n\t\t\t\t\t\t<\/div>\n\t\t\t\t<\/div>\n\t\t<div class=\"elementor-element elementor-element-99373e9 e-con-full e-flex e-con e-parent\" data-id=\"99373e9\" data-element_type=\"container\" data-e-type=\"container\" data-settings=\"{&quot;background_background&quot;:&quot;classic&quot;}\">\n\t\t<div class=\"elementor-element elementor-element-228a821 e-con-full e-flex e-con e-child\" data-id=\"228a821\" data-element_type=\"container\" data-e-type=\"container\">\n\t\t<div class=\"elementor-element elementor-element-2266df6 e-con-full e-flex e-con e-child\" data-id=\"2266df6\" data-element_type=\"container\" data-e-type=\"container\">\n\t\t\t\t<div class=\"elementor-element elementor-element-e4d538a elementor-widget elementor-widget-heading\" data-id=\"e4d538a\" data-element_type=\"widget\" data-e-type=\"widget\" data-widget_type=\"heading.default\">\n\t\t\t\t\t<h2 class=\"elementor-heading-title elementor-size-default\">Qu'est-ce que la th\u00e9rapie EMDR ?<\/h2>\t\t\t\t<\/div>\n\t\t\t\t<\/div>\n\t\t<div class=\"elementor-element elementor-element-7094b8e e-con-full e-flex e-con e-child\" data-id=\"7094b8e\" data-element_type=\"container\" data-e-type=\"container\">\n\t\t\t\t<div class=\"elementor-element elementor-element-187f759 elementor-widget elementor-widget-text-editor\" data-id=\"187f759\" data-element_type=\"widget\" data-e-type=\"widget\" data-widget_type=\"text-editor.default\">\n\t\t\t\t\t\t\t\t\t<p>L&rsquo;EMDR (Eye Movement Desensitization and Reprocessing) est une technique de th\u00e9rapie par les mouvements oculaires. Elle traite les cons\u00e9quences psychologiques d&rsquo;exp\u00e9riences de vie \u00e9motionnellement perturbantes et le Trouble de Stress Post Traumatique. Elle est reconnue dans le monde entier y compris par l&rsquo;Organisation Mondiale de la Sant\u00e9.<\/p><p>\u00a0<\/p>\t\t\t\t\t\t\t\t<\/div>\n\t\t\t\t<div class=\"elementor-element elementor-element-4bbb6b8 elementor-blockquote--align-left elementor-blockquote--skin-border elementor-widget elementor-widget-blockquote\" data-id=\"4bbb6b8\" data-element_type=\"widget\" data-e-type=\"widget\" data-widget_type=\"blockquote.default\">\n\t\t\t\t\t\t\t<blockquote class=\"elementor-blockquote\">\n\t\t\t<p class=\"elementor-blockquote__content\">\n\t\t\t\t\nC\u2019est Francine Shapiro, Psychologue am\u00e9ricaine qui a trouv\u00e9 en 1987 un moyen tr\u00e8s simple de stimuler un m\u00e9canisme d\u2019auto-gu\u00e9rison pr\u00e9sent en chacun de nous.\n\n \n\nCe m\u00e9canisme neuro-\u00e9motionnel d\u00e9clench\u00e9 par les mouvements oculaires permet de d\u00e9passer des v\u00e9cus traumatiques non dig\u00e9r\u00e9s responsables de divers sympt\u00f4mes, parfois tr\u00e8s invalidants.\n\n \n\nOn peut ainsi soigner des s\u00e9quelles traumatiques m\u00eame de nombreuses ann\u00e9es apr\u00e8s.\n\n \n\nPlus de 2 millions de patients dans le monde ont b\u00e9n\u00e9fici\u00e9 de la th\u00e9rapie EMDR.\n\n \n\nLa th\u00e9rapie EMDR a fait l\u2019objet de nombreuses \u00e9tudes scientifiques internationales. Elle est reconnue dans le traitement du trouble de stress post-traumatique par l\u2019OMS (2013), l\u2019INSERM (2004 et 2015) et la Haute Autorit\u00e9 de la Sant\u00e9 (2007).\t\t\t<\/p>\n\t\t\t\t\t\t\t<div class=\"e-q-footer\">\n\t\t\t\t\t\t\t\t\t\t\t<cite class=\"elementor-blockquote__author\">EMDR-France.org<\/cite>\n\t\t\t\t\t\t\t\t\t\t\t\t\t\t<\/div>\n\t\t\t\t\t<\/blockquote>\n\t\t\t\t\t\t<\/div>\n\t\t\t\t<div class=\"elementor-element elementor-element-87255de elementor-widget elementor-widget-video\" data-id=\"87255de\" data-element_type=\"widget\" data-e-type=\"widget\" data-settings=\"{&quot;youtube_url&quot;:&quot;https:\\\/\\\/www.youtube.com\\\/watch?v=nsk87xejyAw&amp;t=319shttps:\\\/\\\/www.youtube.com\\\/watch?v=XHOmBV4js_E&quot;,&quot;video_type&quot;:&quot;youtube&quot;,&quot;controls&quot;:&quot;yes&quot;}\" data-widget_type=\"video.default\">\n\t\t\t\t\t\t\t<div class=\"elementor-wrapper elementor-open-inline\">\n\t\t\t<div class=\"elementor-video\"><\/div>\t\t<\/div>\n\t\t\t\t\t\t<\/div>\n\t\t\t\t<div class=\"elementor-element elementor-element-27d339a elementor-align-center elementor-widget elementor-widget-button\" data-id=\"27d339a\" data-element_type=\"widget\" data-e-type=\"widget\" data-widget_type=\"button.default\">\n\t\t\t\t\t\t\t\t\t\t<a class=\"elementor-button elementor-size-sm elementor-animation-grow\" role=\"button\">\n\t\t\t\t\t\t<span class=\"elementor-button-content-wrapper\">\n\t\t\t\t\t\t<span class=\"elementor-button-icon\">\n\t\t\t\t<svg aria-hidden=\"true\" class=\"e-font-icon-svg e-fas-external-link-alt\" viewBox=\"0 0 512 512\" xmlns=\"http:\/\/www.w3.org\/2000\/svg\"><path d=\"M432,320H400a16,16,0,0,0-16,16V448H64V128H208a16,16,0,0,0,16-16V80a16,16,0,0,0-16-16H48A48,48,0,0,0,0,112V464a48,48,0,0,0,48,48H400a48,48,0,0,0,48-48V336A16,16,0,0,0,432,320ZM488,0h-128c-21.37,0-32.05,25.91-17,41l35.73,35.73L135,320.37a24,24,0,0,0,0,34L157.67,377a24,24,0,0,0,34,0L435.28,133.32,471,169c15,15,41,4.5,41-17V24A24,24,0,0,0,488,0Z\"><\/path><\/svg>\t\t\t<\/span>\n\t\t\t\t\t\t\t\t\t<span class=\"elementor-button-text\">En savoir plus sur EMDR-france.org<\/span>\n\t\t\t\t\t<\/span>\n\t\t\t\t\t<\/a>\n\t\t\t\t\t\t\t\t<\/div>\n\t\t\t\t<\/div>\n\t\t\t\t<\/div>\n\t\t\t\t<\/div>\n\t\t<div class=\"elementor-element elementor-element-2776b1a e-con-full e-flex e-con e-parent\" data-id=\"2776b1a\" data-element_type=\"container\" data-e-type=\"container\" data-settings=\"{&quot;background_background&quot;:&quot;classic&quot;}\">\n\t\t\t\t<div class=\"elementor-element elementor-element-3f7de41 elementor-blockquote--skin-quotation elementor-blockquote--align-center elementor-widget elementor-widget-blockquote\" data-id=\"3f7de41\" data-element_type=\"widget\" data-e-type=\"widget\" data-widget_type=\"blockquote.default\">\n\t\t\t\t\t\t\t<blockquote class=\"elementor-blockquote\">\n\t\t\t<p class=\"elementor-blockquote__content\">\n\t\t\t\tLes souvenirs traumatiques sont stock\u00e9s de mani\u00e8re dysfonctionnelle\t\t\t<\/p>\n\t\t\t\t\t\t\t<div class=\"e-q-footer\">\n\t\t\t\t\t\t\t\t\t\t\t<cite class=\"elementor-blockquote__author\">Francine Shapiro<\/cite>\n\t\t\t\t\t\t\t\t\t\t\t\t\t\t<\/div>\n\t\t\t\t\t<\/blockquote>\n\t\t\t\t\t\t<\/div>\n\t\t\t\t<\/div>\n\t\t<div class=\"elementor-element elementor-element-11f8b8b e-con-full e-flex e-con e-parent\" data-id=\"11f8b8b\" data-element_type=\"container\" data-e-type=\"container\" data-settings=\"{&quot;background_background&quot;:&quot;classic&quot;}\">\n\t\t\t\t<div class=\"elementor-element elementor-element-3e9f027 elementor-widget elementor-widget-heading\" data-id=\"3e9f027\" data-element_type=\"widget\" data-e-type=\"widget\" data-widget_type=\"heading.default\">\n\t\t\t\t\t<h2 class=\"elementor-heading-title elementor-size-default\">Comment marche les s\u00e9ances EMDR ?<\/h2>\t\t\t\t<\/div>\n\t\t\t\t<div class=\"elementor-element elementor-element-f80f9c6 elementor-widget elementor-widget-text-editor\" data-id=\"f80f9c6\" data-element_type=\"widget\" data-e-type=\"widget\" data-widget_type=\"text-editor.default\">\n\t\t\t\t\t\t\t\t\t<p>(site en construction)<\/p>\t\t\t\t\t\t\t\t<\/div>\n\t\t\t\t<\/div>\n\t\t<div class=\"elementor-element elementor-element-f5e34de e-con-full e-flex e-con e-parent\" data-id=\"f5e34de\" data-element_type=\"container\" data-e-type=\"container\" data-settings=\"{&quot;background_background&quot;:&quot;classic&quot;}\">\n\t\t\t\t<div class=\"elementor-element elementor-element-282b7fd elementor-widget elementor-widget-heading\" data-id=\"282b7fd\" data-element_type=\"widget\" data-e-type=\"widget\" data-widget_type=\"heading.default\">\n\t\t\t\t\t<h2 class=\"elementor-heading-title elementor-size-default\">FAQ<\/h2>\t\t\t\t<\/div>\n\t\t\t\t<div class=\"elementor-element elementor-element-39f8c99 elementor-widget elementor-widget-text-editor\" data-id=\"39f8c99\" data-element_type=\"widget\" data-e-type=\"widget\" data-widget_type=\"text-editor.default\">\n\t\t\t\t\t\t\t\t\t<p style=\"text-align: center;\">(site en construction)<\/p>\t\t\t\t\t\t\t\t<\/div>\n\t\t\t\t<\/div>\n\t\t\t\t<\/div>\n\t\t","protected":false},"excerpt":{"rendered":"<p>Qu&rsquo;est-ce que la th\u00e9rapie EMDR ? Magali CHAULET &#8211; Psychologue et Praticienne EMDR Prendre RDV Qu&rsquo;est-ce que la th\u00e9rapie EMDR ? L&rsquo;EMDR (Eye Movement Desensitization and Reprocessing) est une technique de th\u00e9rapie par les mouvements oculaires. Elle traite les cons\u00e9quences psychologiques d&rsquo;exp\u00e9riences de vie \u00e9motionnellement perturbantes et le Trouble de Stress Post Traumatique. Elle est [&hellip;]<\/p>\n","protected":false},"author":1,"featured_media":0,"parent":0,"menu_order":0,"comment_status":"closed","ping_status":"closed","template":"","meta":{"footnotes":""},"class_list":["post-92","page","type-page","status-publish","hentry"],"yoast_head":"<!-- This site is optimized with the Yoast SEO plugin v27.0 - https:\/\/yoast.com\/product\/yoast-seo-wordpress\/ -->\n<title>Psychoth\u00e9rapie EMDR - Magali CHAULET - Psychologue<\/title>\n<meta name=\"robots\" content=\"index, follow, max-snippet:-1, max-image-preview:large, max-video-preview:-1\" \/>\n<link rel=\"canonical\" href=\"https:\/\/magalichaulet-psychologue.fr\/index.php\/psychotherapie-emdr\/\" \/>\n<meta property=\"og:locale\" content=\"fr_FR\" \/>\n<meta property=\"og:type\" content=\"article\" \/>\n<meta property=\"og:title\" content=\"Psychoth\u00e9rapie EMDR - Magali CHAULET - Psychologue\" \/>\n<meta property=\"og:description\" content=\"Qu&rsquo;est-ce que la th\u00e9rapie EMDR ? Magali CHAULET &#8211; Psychologue et Praticienne EMDR Prendre RDV Qu&rsquo;est-ce que la th\u00e9rapie EMDR ? L&rsquo;EMDR (Eye Movement Desensitization and Reprocessing) est une technique de th\u00e9rapie par les mouvements oculaires. Elle traite les cons\u00e9quences psychologiques d&rsquo;exp\u00e9riences de vie \u00e9motionnellement perturbantes et le Trouble de Stress Post Traumatique. Elle est [&hellip;]\" \/>\n<meta property=\"og:url\" content=\"https:\/\/magalichaulet-psychologue.fr\/index.php\/psychotherapie-emdr\/\" \/>\n<meta property=\"og:site_name\" content=\"Magali CHAULET - Psychologue\" \/>\n<meta property=\"article:modified_time\" content=\"2026-02-21T12:50:58+00:00\" \/>\n<meta name=\"twitter:card\" content=\"summary_large_image\" \/>\n<meta name=\"twitter:label1\" content=\"Dur\u00e9e de lecture estim\u00e9e\" \/>\n\t<meta name=\"twitter:data1\" content=\"20 minutes\" \/>\n<script type=\"application\/ld+json\" class=\"yoast-schema-graph\">{\"@context\":\"https:\/\/schema.org\",\"@graph\":[{\"@type\":\"WebPage\",\"@id\":\"https:\/\/magalichaulet-psychologue.fr\/index.php\/psychotherapie-emdr\/\",\"url\":\"https:\/\/magalichaulet-psychologue.fr\/index.php\/psychotherapie-emdr\/\",\"name\":\"Psychoth\u00e9rapie EMDR - Magali CHAULET - Psychologue\",\"isPartOf\":{\"@id\":\"https:\/\/magalichaulet-psychologue.fr\/#website\"},\"datePublished\":\"2026-02-21T12:10:26+00:00\",\"dateModified\":\"2026-02-21T12:50:58+00:00\",\"breadcrumb\":{\"@id\":\"https:\/\/magalichaulet-psychologue.fr\/index.php\/psychotherapie-emdr\/#breadcrumb\"},\"inLanguage\":\"fr-FR\",\"potentialAction\":[{\"@type\":\"ReadAction\",\"target\":[\"https:\/\/magalichaulet-psychologue.fr\/index.php\/psychotherapie-emdr\/\"]}]},{\"@type\":\"BreadcrumbList\",\"@id\":\"https:\/\/magalichaulet-psychologue.fr\/index.php\/psychotherapie-emdr\/#breadcrumb\",\"itemListElement\":[{\"@type\":\"ListItem\",\"position\":1,\"name\":\"Accueil\",\"item\":\"https:\/\/magalichaulet-psychologue.fr\/\"},{\"@type\":\"ListItem\",\"position\":2,\"name\":\"Psychoth\u00e9rapie EMDR\"}]},{\"@type\":\"WebSite\",\"@id\":\"https:\/\/magalichaulet-psychologue.fr\/#website\",\"url\":\"https:\/\/magalichaulet-psychologue.fr\/\",\"name\":\"Magali CHAULET - Psychologue\",\"description\":\"psychologue, psychoth\u00e9rapeute ARS et praticienne EMDR accr\u00e9dit\u00e9e EMDR Europe\",\"publisher\":{\"@id\":\"https:\/\/magalichaulet-psychologue.fr\/#organization\"},\"potentialAction\":[{\"@type\":\"SearchAction\",\"target\":{\"@type\":\"EntryPoint\",\"urlTemplate\":\"https:\/\/magalichaulet-psychologue.fr\/?s={search_term_string}\"},\"query-input\":{\"@type\":\"PropertyValueSpecification\",\"valueRequired\":true,\"valueName\":\"search_term_string\"}}],\"inLanguage\":\"fr-FR\"},{\"@type\":\"Organization\",\"@id\":\"https:\/\/magalichaulet-psychologue.fr\/#organization\",\"name\":\"Magali CHAULET - Psychologue\",\"url\":\"https:\/\/magalichaulet-psychologue.fr\/\",\"logo\":{\"@type\":\"ImageObject\",\"inLanguage\":\"fr-FR\",\"@id\":\"https:\/\/magalichaulet-psychologue.fr\/#\/schema\/logo\/image\/\",\"url\":\"https:\/\/magalichaulet-psychologue.fr\/wp-content\/uploads\/2026\/02\/Logo-psy-6.png\",\"contentUrl\":\"https:\/\/magalichaulet-psychologue.fr\/wp-content\/uploads\/2026\/02\/Logo-psy-6.png\",\"width\":500,\"height\":500,\"caption\":\"Magali CHAULET - Psychologue\"},\"image\":{\"@id\":\"https:\/\/magalichaulet-psychologue.fr\/#\/schema\/logo\/image\/\"}}]}<\/script>\n<!-- \/ Yoast SEO plugin. -->","yoast_head_json":{"title":"Psychoth\u00e9rapie EMDR - Magali CHAULET - Psychologue","robots":{"index":"index","follow":"follow","max-snippet":"max-snippet:-1","max-image-preview":"max-image-preview:large","max-video-preview":"max-video-preview:-1"},"canonical":"https:\/\/magalichaulet-psychologue.fr\/index.php\/psychotherapie-emdr\/","og_locale":"fr_FR","og_type":"article","og_title":"Psychoth\u00e9rapie EMDR - Magali CHAULET - Psychologue","og_description":"Qu&rsquo;est-ce que la th\u00e9rapie EMDR ? Magali CHAULET &#8211; Psychologue et Praticienne EMDR Prendre RDV Qu&rsquo;est-ce que la th\u00e9rapie EMDR ? L&rsquo;EMDR (Eye Movement Desensitization and Reprocessing) est une technique de th\u00e9rapie par les mouvements oculaires. Elle traite les cons\u00e9quences psychologiques d&rsquo;exp\u00e9riences de vie \u00e9motionnellement perturbantes et le Trouble de Stress Post Traumatique. Elle est [&hellip;]","og_url":"https:\/\/magalichaulet-psychologue.fr\/index.php\/psychotherapie-emdr\/","og_site_name":"Magali CHAULET - Psychologue","article_modified_time":"2026-02-21T12:50:58+00:00","twitter_card":"summary_large_image","twitter_misc":{"Dur\u00e9e de lecture estim\u00e9e":"20 minutes"},"schema":{"@context":"https:\/\/schema.org","@graph":[{"@type":"WebPage","@id":"https:\/\/magalichaulet-psychologue.fr\/index.php\/psychotherapie-emdr\/","url":"https:\/\/magalichaulet-psychologue.fr\/index.php\/psychotherapie-emdr\/","name":"Psychoth\u00e9rapie EMDR - Magali CHAULET - Psychologue","isPartOf":{"@id":"https:\/\/magalichaulet-psychologue.fr\/#website"},"datePublished":"2026-02-21T12:10:26+00:00","dateModified":"2026-02-21T12:50:58+00:00","breadcrumb":{"@id":"https:\/\/magalichaulet-psychologue.fr\/index.php\/psychotherapie-emdr\/#breadcrumb"},"inLanguage":"fr-FR","potentialAction":[{"@type":"ReadAction","target":["https:\/\/magalichaulet-psychologue.fr\/index.php\/psychotherapie-emdr\/"]}]},{"@type":"BreadcrumbList","@id":"https:\/\/magalichaulet-psychologue.fr\/index.php\/psychotherapie-emdr\/#breadcrumb","itemListElement":[{"@type":"ListItem","position":1,"name":"Accueil","item":"https:\/\/magalichaulet-psychologue.fr\/"},{"@type":"ListItem","position":2,"name":"Psychoth\u00e9rapie EMDR"}]},{"@type":"WebSite","@id":"https:\/\/magalichaulet-psychologue.fr\/#website","url":"https:\/\/magalichaulet-psychologue.fr\/","name":"Magali CHAULET - Psychologue","description":"psychologue, psychoth\u00e9rapeute ARS et praticienne EMDR accr\u00e9dit\u00e9e EMDR Europe","publisher":{"@id":"https:\/\/magalichaulet-psychologue.fr\/#organization"},"potentialAction":[{"@type":"SearchAction","target":{"@type":"EntryPoint","urlTemplate":"https:\/\/magalichaulet-psychologue.fr\/?s={search_term_string}"},"query-input":{"@type":"PropertyValueSpecification","valueRequired":true,"valueName":"search_term_string"}}],"inLanguage":"fr-FR"},{"@type":"Organization","@id":"https:\/\/magalichaulet-psychologue.fr\/#organization","name":"Magali CHAULET - Psychologue","url":"https:\/\/magalichaulet-psychologue.fr\/","logo":{"@type":"ImageObject","inLanguage":"fr-FR","@id":"https:\/\/magalichaulet-psychologue.fr\/#\/schema\/logo\/image\/","url":"https:\/\/magalichaulet-psychologue.fr\/wp-content\/uploads\/2026\/02\/Logo-psy-6.png","contentUrl":"https:\/\/magalichaulet-psychologue.fr\/wp-content\/uploads\/2026\/02\/Logo-psy-6.png","width":500,"height":500,"caption":"Magali CHAULET - Psychologue"},"image":{"@id":"https:\/\/magalichaulet-psychologue.fr\/#\/schema\/logo\/image\/"}}]}},"_links":{"self":[{"href":"https:\/\/magalichaulet-psychologue.fr\/index.php\/wp-json\/wp\/v2\/pages\/92","targetHints":{"allow":["GET"]}}],"collection":[{"href":"https:\/\/magalichaulet-psychologue.fr\/index.php\/wp-json\/wp\/v2\/pages"}],"about":[{"href":"https:\/\/magalichaulet-psychologue.fr\/index.php\/wp-json\/wp\/v2\/types\/page"}],"author":[{"embeddable":true,"href":"https:\/\/magalichaulet-psychologue.fr\/index.php\/wp-json\/wp\/v2\/users\/1"}],"replies":[{"embeddable":true,"href":"https:\/\/magalichaulet-psychologue.fr\/index.php\/wp-json\/wp\/v2\/comments?post=92"}],"version-history":[{"count":11,"href":"https:\/\/magalichaulet-psychologue.fr\/index.php\/wp-json\/wp\/v2\/pages\/92\/revisions"}],"predecessor-version":[{"id":160,"href":"https:\/\/magalichaulet-psychologue.fr\/index.php\/wp-json\/wp\/v2\/pages\/92\/revisions\/160"}],"wp:attachment":[{"href":"https:\/\/magalichaulet-psychologue.fr\/index.php\/wp-json\/wp\/v2\/media?parent=92"}],"curies":[{"name":"wp","href":"https:\/\/api.w.org\/{rel}","templated":true}]}}