{"id":90,"date":"2026-02-21T09:15:58","date_gmt":"2026-02-21T09:15:58","guid":{"rendered":"https:\/\/magalichaulet-psychologue.fr\/?page_id=90"},"modified":"2026-02-21T09:32:36","modified_gmt":"2026-02-21T09:32:36","slug":"honoraires","status":"publish","type":"page","link":"https:\/\/magalichaulet-psychologue.fr\/index.php\/honoraires\/","title":{"rendered":"Honoraires"},"content":{"rendered":"\t\t<div data-elementor-type=\"wp-page\" data-elementor-id=\"90\" class=\"elementor elementor-90\" data-elementor-post-type=\"page\">\n\t\t\t\t<div class=\"elementor-element elementor-element-caaee7c e-con-full e-flex e-con e-parent\" data-id=\"caaee7c\" data-element_type=\"container\" data-e-type=\"container\" data-settings=\"{&quot;background_background&quot;:&quot;classic&quot;}\">\n\t\t\t\t<div class=\"elementor-element elementor-element-da169d3 elementor-widget elementor-widget-heading\" data-id=\"da169d3\" data-element_type=\"widget\" data-e-type=\"widget\" data-widget_type=\"heading.default\">\n\t\t\t\t\t<h1 class=\"elementor-heading-title elementor-size-default\">Honoraires Psychologue EMDR<\/h1>\t\t\t\t<\/div>\n\t\t\t\t<div class=\"elementor-element elementor-element-b2ed673 elementor-widget-divider--view-line_icon elementor-view-default elementor-widget-divider--element-align-center elementor-widget elementor-widget-divider\" data-id=\"b2ed673\" data-element_type=\"widget\" data-e-type=\"widget\" data-widget_type=\"divider.default\">\n\t\t\t\t\t\t\t<div class=\"elementor-divider\">\n\t\t\t<span class=\"elementor-divider-separator\">\n\t\t\t\t\t\t\t<div class=\"elementor-icon elementor-divider__element\">\n\t\t\t\t\t<svg aria-hidden=\"true\" class=\"e-font-icon-svg e-fas-eye\" viewBox=\"0 0 576 512\" xmlns=\"http:\/\/www.w3.org\/2000\/svg\"><path d=\"M572.52 241.4C518.29 135.59 410.93 64 288 64S57.68 135.64 3.48 241.41a32.35 32.35 0 0 0 0 29.19C57.71 376.41 165.07 448 288 448s230.32-71.64 284.52-177.41a32.35 32.35 0 0 0 0-29.19zM288 400a144 144 0 1 1 144-144 143.93 143.93 0 0 1-144 144zm0-240a95.31 95.31 0 0 0-25.31 3.79 47.85 47.85 0 0 1-66.9 66.9A95.78 95.78 0 1 0 288 160z\"><\/path><\/svg><\/div>\n\t\t\t\t\t\t<\/span>\n\t\t<\/div>\n\t\t\t\t\t\t<\/div>\n\t\t\t\t<div class=\"elementor-element elementor-element-9698e6d elementor-widget elementor-widget-heading\" data-id=\"9698e6d\" data-element_type=\"widget\" data-e-type=\"widget\" data-widget_type=\"heading.default\">\n\t\t\t\t\t<h2 class=\"elementor-heading-title elementor-size-default\">Magali CHAULET<\/h2>\t\t\t\t<\/div>\n\t\t\t\t<div class=\"elementor-element elementor-element-5a83b9b elementor-align-center elementor-widget elementor-widget-button\" data-id=\"5a83b9b\" data-element_type=\"widget\" data-e-type=\"widget\" data-widget_type=\"button.default\">\n\t\t\t\t\t\t\t\t\t\t<a class=\"elementor-button elementor-button-link elementor-size-sm elementor-animation-grow\" href=\"https:\/\/terapiz.com\/psychologue\/gannat\/magali-chaulet\">\n\t\t\t\t\t\t<span class=\"elementor-button-content-wrapper\">\n\t\t\t\t\t\t<span class=\"elementor-button-icon\">\n\t\t\t\t<svg aria-hidden=\"true\" class=\"e-font-icon-svg e-fas-external-link-alt\" viewBox=\"0 0 512 512\" xmlns=\"http:\/\/www.w3.org\/2000\/svg\"><path d=\"M432,320H400a16,16,0,0,0-16,16V448H64V128H208a16,16,0,0,0,16-16V80a16,16,0,0,0-16-16H48A48,48,0,0,0,0,112V464a48,48,0,0,0,48,48H400a48,48,0,0,0,48-48V336A16,16,0,0,0,432,320ZM488,0h-128c-21.37,0-32.05,25.91-17,41l35.73,35.73L135,320.37a24,24,0,0,0,0,34L157.67,377a24,24,0,0,0,34,0L435.28,133.32,471,169c15,15,41,4.5,41-17V24A24,24,0,0,0,488,0Z\"><\/path><\/svg>\t\t\t<\/span>\n\t\t\t\t\t\t\t\t\t<span class=\"elementor-button-text\">Prendre RDV<\/span>\n\t\t\t\t\t<\/span>\n\t\t\t\t\t<\/a>\n\t\t\t\t\t\t\t\t<\/div>\n\t\t\t\t<div class=\"elementor-element elementor-element-8e9b693 elementor-widget elementor-widget-spacer\" data-id=\"8e9b693\" data-element_type=\"widget\" data-e-type=\"widget\" data-widget_type=\"spacer.default\">\n\t\t\t\t\t\t\t<div class=\"elementor-spacer\">\n\t\t\t<div class=\"elementor-spacer-inner\"><\/div>\n\t\t<\/div>\n\t\t\t\t\t\t<\/div>\n\t\t\t\t<\/div>\n\t\t<div class=\"elementor-element elementor-element-8edc86c e-con-full e-flex e-con e-parent\" data-id=\"8edc86c\" data-element_type=\"container\" data-e-type=\"container\" data-settings=\"{&quot;background_background&quot;:&quot;classic&quot;}\">\n\t\t\t\t<div class=\"elementor-element elementor-element-4e055a7 elementor-widget elementor-widget-heading\" data-id=\"4e055a7\" data-element_type=\"widget\" data-e-type=\"widget\" data-widget_type=\"heading.default\">\n\t\t\t\t\t<h2 class=\"elementor-heading-title elementor-size-default\">Honoraires<\/h2>\t\t\t\t<\/div>\n\t\t\t\t<div class=\"elementor-element elementor-element-6bc8333 elementor-widget elementor-widget-text-editor\" data-id=\"6bc8333\" data-element_type=\"widget\" data-e-type=\"widget\" data-widget_type=\"text-editor.default\">\n\t\t\t\t\t\t\t\t\t<p>Le montant de mes honoraires est de 85 euros.\u00a0<\/p><p>Les consultations durent environ une heure.<\/p><p>\u00a0<\/p>\t\t\t\t\t\t\t\t<\/div>\n\t\t\t\t<\/div>\n\t\t<div class=\"elementor-element elementor-element-c38faee e-con-full e-flex e-con e-parent\" data-id=\"c38faee\" data-element_type=\"container\" data-e-type=\"container\" data-settings=\"{&quot;background_background&quot;:&quot;classic&quot;}\">\n\t\t\t\t<div class=\"elementor-element elementor-element-86aabb3 elementor-blockquote--skin-quotation elementor-blockquote--align-center elementor-widget elementor-widget-blockquote\" data-id=\"86aabb3\" data-element_type=\"widget\" data-e-type=\"widget\" data-widget_type=\"blockquote.default\">\n\t\t\t\t\t\t\t<blockquote class=\"elementor-blockquote\">\n\t\t\t<p class=\"elementor-blockquote__content\">\n\t\t\t\tLa d\u00e9pendance na\u00eet lorsque l\u2019\u00e9change cesse d\u2019\u00eatre \u00e9quilibr\u00e9.\t\t\t<\/p>\n\t\t\t\t\t\t\t<div class=\"e-q-footer\">\n\t\t\t\t\t\t\t\t\t\t\t<cite class=\"elementor-blockquote__author\">Jacques Lacan<\/cite>\n\t\t\t\t\t\t\t\t\t\t\t\t\t\t<\/div>\n\t\t\t\t\t<\/blockquote>\n\t\t\t\t\t\t<\/div>\n\t\t\t\t<\/div>\n\t\t<div class=\"elementor-element elementor-element-85f41b6 e-con-full e-flex e-con e-parent\" data-id=\"85f41b6\" data-element_type=\"container\" data-e-type=\"container\" data-settings=\"{&quot;background_background&quot;:&quot;classic&quot;}\">\n\t\t<div class=\"elementor-element elementor-element-a3bb3e5 e-con-full e-flex e-con e-child\" data-id=\"a3bb3e5\" data-element_type=\"container\" data-e-type=\"container\">\n\t\t\t\t<div class=\"elementor-element elementor-element-adc99f0 elementor-view-stacked elementor-shape-circle elementor-widget elementor-widget-icon\" data-id=\"adc99f0\" data-element_type=\"widget\" data-e-type=\"widget\" data-widget_type=\"icon.default\">\n\t\t\t\t\t\t\t<div class=\"elementor-icon-wrapper\">\n\t\t\t<div class=\"elementor-icon\">\n\t\t\t<svg aria-hidden=\"true\" class=\"e-font-icon-svg e-fas-check\" viewBox=\"0 0 512 512\" xmlns=\"http:\/\/www.w3.org\/2000\/svg\"><path d=\"M173.898 439.404l-166.4-166.4c-9.997-9.997-9.997-26.206 0-36.204l36.203-36.204c9.997-9.998 26.207-9.998 36.204 0L192 312.69 432.095 72.596c9.997-9.997 26.207-9.997 36.204 0l36.203 36.204c9.997 9.997 9.997 26.206 0 36.204l-294.4 294.401c-9.998 9.997-26.207 9.997-36.204-.001z\"><\/path><\/svg>\t\t\t<\/div>\n\t\t<\/div>\n\t\t\t\t\t\t<\/div>\n\t\t\t\t<div class=\"elementor-element elementor-element-0bde2a9 elementor-widget elementor-widget-heading\" data-id=\"0bde2a9\" data-element_type=\"widget\" data-e-type=\"widget\" data-widget_type=\"heading.default\">\n\t\t\t\t\t<h2 class=\"elementor-heading-title elementor-size-default\">Conditions de Paiement<\/h2>\t\t\t\t<\/div>\n\t\t\t\t<div class=\"elementor-element elementor-element-e049b05 elementor-widget elementor-widget-text-editor\" data-id=\"e049b05\" data-element_type=\"widget\" data-e-type=\"widget\" data-widget_type=\"text-editor.default\">\n\t\t\t\t\t\t\t\t\t<p>Le paiement s&rsquo;effectue par ch\u00e8que ou en esp\u00e8ce \u00e0 la fin de chaque s\u00e9ance.<\/p><p>Les s\u00e9ances sont r\u00e9gl\u00e9es au fur et \u00e0 mesure, \u00e0 la fin de chaque rendez-vous.<br data-start=\"564\" data-end=\"567\" \/>Le respect de ce cadre fait partie du processus th\u00e9rapeutique ; en cas de r\u00e8glement en attente, aucun nouveau rendez-vous ne pourra \u00eatre fix\u00e9 tant que la situation n\u2019est pas r\u00e9gularis\u00e9e.<\/p>\t\t\t\t\t\t\t\t<\/div>\n\t\t\t\t<\/div>\n\t\t<div class=\"elementor-element elementor-element-b407963 e-con-full e-flex e-con e-child\" data-id=\"b407963\" data-element_type=\"container\" data-e-type=\"container\">\n\t\t\t\t<div class=\"elementor-element elementor-element-905da5d elementor-view-stacked elementor-shape-circle elementor-widget elementor-widget-icon\" data-id=\"905da5d\" data-element_type=\"widget\" data-e-type=\"widget\" data-widget_type=\"icon.default\">\n\t\t\t\t\t\t\t<div class=\"elementor-icon-wrapper\">\n\t\t\t<div class=\"elementor-icon\">\n\t\t\t<svg aria-hidden=\"true\" class=\"e-font-icon-svg e-fas-file-invoice\" viewBox=\"0 0 384 512\" xmlns=\"http:\/\/www.w3.org\/2000\/svg\"><path d=\"M288 256H96v64h192v-64zm89-151L279.1 7c-4.5-4.5-10.6-7-17-7H256v128h128v-6.1c0-6.3-2.5-12.4-7-16.9zm-153 31V0H24C10.7 0 0 10.7 0 24v464c0 13.3 10.7 24 24 24h336c13.3 0 24-10.7 24-24V160H248c-13.2 0-24-10.8-24-24zM64 72c0-4.42 3.58-8 8-8h80c4.42 0 8 3.58 8 8v16c0 4.42-3.58 8-8 8H72c-4.42 0-8-3.58-8-8V72zm0 64c0-4.42 3.58-8 8-8h80c4.42 0 8 3.58 8 8v16c0 4.42-3.58 8-8 8H72c-4.42 0-8-3.58-8-8v-16zm256 304c0 4.42-3.58 8-8 8h-80c-4.42 0-8-3.58-8-8v-16c0-4.42 3.58-8 8-8h80c4.42 0 8 3.58 8 8v16zm0-200v96c0 8.84-7.16 16-16 16H80c-8.84 0-16-7.16-16-16v-96c0-8.84 7.16-16 16-16h224c8.84 0 16 7.16 16 16z\"><\/path><\/svg>\t\t\t<\/div>\n\t\t<\/div>\n\t\t\t\t\t\t<\/div>\n\t\t\t\t<div class=\"elementor-element elementor-element-8da6ce2 elementor-widget elementor-widget-heading\" data-id=\"8da6ce2\" data-element_type=\"widget\" data-e-type=\"widget\" data-widget_type=\"heading.default\">\n\t\t\t\t\t<h2 class=\"elementor-heading-title elementor-size-default\">Remboursement<\/h2>\t\t\t\t<\/div>\n\t\t\t\t<div class=\"elementor-element elementor-element-b915ed6 elementor-widget elementor-widget-text-editor\" data-id=\"b915ed6\" data-element_type=\"widget\" data-e-type=\"widget\" data-widget_type=\"text-editor.default\">\n\t\t\t\t\t\t\t\t\t<p>Je ne fais pas partie du dispositif \u00ab\u00a0mon soutien psy\u00a0\u00bb mis en place par la CPAM.\u00a0<\/p><p>Toutefois, certaines mutuelles proposent des remboursements partiels. Rapprochez-vous de votre compl\u00e9mentaire sant\u00e9 pour conna\u00eetre les grilles tarifaires. Je peux vous fournir une facture \u00e0 ce titre.<\/p>\t\t\t\t\t\t\t\t<\/div>\n\t\t\t\t<\/div>\n\t\t<div class=\"elementor-element elementor-element-8723ab2 e-con-full e-flex e-con e-child\" data-id=\"8723ab2\" data-element_type=\"container\" data-e-type=\"container\">\n\t\t\t\t<div class=\"elementor-element elementor-element-220149a elementor-view-stacked elementor-shape-circle elementor-widget elementor-widget-icon\" data-id=\"220149a\" data-element_type=\"widget\" data-e-type=\"widget\" data-widget_type=\"icon.default\">\n\t\t\t\t\t\t\t<div class=\"elementor-icon-wrapper\">\n\t\t\t<div class=\"elementor-icon\">\n\t\t\t<svg aria-hidden=\"true\" class=\"e-font-icon-svg e-far-clock\" viewBox=\"0 0 512 512\" xmlns=\"http:\/\/www.w3.org\/2000\/svg\"><path d=\"M256 8C119 8 8 119 8 256s111 248 248 248 248-111 248-248S393 8 256 8zm0 448c-110.5 0-200-89.5-200-200S145.5 56 256 56s200 89.5 200 200-89.5 200-200 200zm61.8-104.4l-84.9-61.7c-3.1-2.3-4.9-5.9-4.9-9.7V116c0-6.6 5.4-12 12-12h32c6.6 0 12 5.4 12 12v141.7l66.8 48.6c5.4 3.9 6.5 11.4 2.6 16.8L334.6 349c-3.9 5.3-11.4 6.5-16.8 2.6z\"><\/path><\/svg>\t\t\t<\/div>\n\t\t<\/div>\n\t\t\t\t\t\t<\/div>\n\t\t\t\t<div class=\"elementor-element elementor-element-2f6f500 elementor-widget elementor-widget-heading\" data-id=\"2f6f500\" data-element_type=\"widget\" data-e-type=\"widget\" data-widget_type=\"heading.default\">\n\t\t\t\t\t<h2 class=\"elementor-heading-title elementor-size-default\">Retards et annulations<\/h2>\t\t\t\t<\/div>\n\t\t\t\t<div class=\"elementor-element elementor-element-5b9b0aa elementor-widget elementor-widget-text-editor\" data-id=\"5b9b0aa\" data-element_type=\"widget\" data-e-type=\"widget\" data-widget_type=\"text-editor.default\">\n\t\t\t\t\t\t\t\t\t<p>Les s\u00e9ances commencent et se terminent \u00e0 l\u2019heure fix\u00e9e afin de garantir un cadre stable et respectueux pour tous.<br data-start=\"779\" data-end=\"782\" \/>En cas de retard, le temps de consultation ne pourra \u00eatre prolong\u00e9 et la s\u00e9ance restera due dans son int\u00e9gralit\u00e9.<br data-start=\"853\" data-end=\"856\" \/>Toute annulation doit \u00eatre effectu\u00e9e au moins 24 heures \u00e0 l\u2019avance.<br data-start=\"925\" data-end=\"928\" \/>\u00c0 d\u00e9faut, ou en cas d\u2019absence non justifi\u00e9e, la s\u00e9ance sera factur\u00e9e \u00e0 titre de d\u00e9dommagement.<\/p>\t\t\t\t\t\t\t\t<\/div>\n\t\t\t\t<\/div>\n\t\t\t\t<\/div>\n\t\t<div class=\"elementor-element elementor-element-2776b1a e-con-full e-flex e-con e-parent\" data-id=\"2776b1a\" data-element_type=\"container\" data-e-type=\"container\" data-settings=\"{&quot;background_background&quot;:&quot;classic&quot;}\">\n\t\t\t\t<div class=\"elementor-element elementor-element-e5572b8 elementor-blockquote--skin-quotation elementor-blockquote--align-center elementor-widget elementor-widget-blockquote\" data-id=\"e5572b8\" data-element_type=\"widget\" data-e-type=\"widget\" data-widget_type=\"blockquote.default\">\n\t\t\t\t\t\t\t<blockquote class=\"elementor-blockquote\">\n\t\t\t<p class=\"elementor-blockquote__content\">\n\t\t\t\tDonner oblige, recevoir engage, rendre \u00e9quilibre.\t\t\t<\/p>\n\t\t\t\t\t\t\t<div class=\"e-q-footer\">\n\t\t\t\t\t\t\t\t\t\t\t<cite class=\"elementor-blockquote__author\">Marcel Maus<\/cite>\n\t\t\t\t\t\t\t\t\t\t\t\t\t\t<\/div>\n\t\t\t\t\t<\/blockquote>\n\t\t\t\t\t\t<\/div>\n\t\t\t\t<\/div>\n\t\t\t\t<\/div>\n\t\t","protected":false},"excerpt":{"rendered":"<p>Honoraires Psychologue EMDR Magali CHAULET Prendre RDV Honoraires Le montant de mes honoraires est de 85 euros.\u00a0 Les consultations durent environ une heure. \u00a0 La d\u00e9pendance na\u00eet lorsque l\u2019\u00e9change cesse d\u2019\u00eatre \u00e9quilibr\u00e9. Jacques Lacan Conditions de Paiement Le paiement s&rsquo;effectue par ch\u00e8que ou en esp\u00e8ce \u00e0 la fin de chaque s\u00e9ance. Les s\u00e9ances sont r\u00e9gl\u00e9es [&hellip;]<\/p>\n","protected":false},"author":1,"featured_media":0,"parent":0,"menu_order":0,"comment_status":"closed","ping_status":"closed","template":"","meta":{"footnotes":""},"class_list":["post-90","page","type-page","status-publish","hentry"],"yoast_head":"<!-- This site is optimized with the Yoast SEO plugin v27.0 - https:\/\/yoast.com\/product\/yoast-seo-wordpress\/ -->\n<title>Honoraires - Magali CHAULET - Psychologue<\/title>\n<meta name=\"robots\" content=\"index, follow, max-snippet:-1, max-image-preview:large, max-video-preview:-1\" \/>\n<link rel=\"canonical\" href=\"https:\/\/magalichaulet-psychologue.fr\/index.php\/honoraires\/\" \/>\n<meta property=\"og:locale\" content=\"fr_FR\" \/>\n<meta property=\"og:type\" content=\"article\" \/>\n<meta property=\"og:title\" content=\"Honoraires - Magali CHAULET - Psychologue\" \/>\n<meta property=\"og:description\" content=\"Honoraires Psychologue EMDR Magali CHAULET Prendre RDV Honoraires Le montant de mes honoraires est de 85 euros.\u00a0 Les consultations durent environ une heure. \u00a0 La d\u00e9pendance na\u00eet lorsque l\u2019\u00e9change cesse d\u2019\u00eatre \u00e9quilibr\u00e9. Jacques Lacan Conditions de Paiement Le paiement s&rsquo;effectue par ch\u00e8que ou en esp\u00e8ce \u00e0 la fin de chaque s\u00e9ance. Les s\u00e9ances sont r\u00e9gl\u00e9es [&hellip;]\" \/>\n<meta property=\"og:url\" content=\"https:\/\/magalichaulet-psychologue.fr\/index.php\/honoraires\/\" \/>\n<meta property=\"og:site_name\" content=\"Magali CHAULET - Psychologue\" \/>\n<meta property=\"article:modified_time\" content=\"2026-02-21T09:32:36+00:00\" \/>\n<meta name=\"twitter:card\" content=\"summary_large_image\" \/>\n<meta name=\"twitter:label1\" content=\"Dur\u00e9e de lecture estim\u00e9e\" \/>\n\t<meta name=\"twitter:data1\" content=\"2 minutes\" \/>\n<script type=\"application\/ld+json\" class=\"yoast-schema-graph\">{\"@context\":\"https:\/\/schema.org\",\"@graph\":[{\"@type\":\"WebPage\",\"@id\":\"https:\/\/magalichaulet-psychologue.fr\/index.php\/honoraires\/\",\"url\":\"https:\/\/magalichaulet-psychologue.fr\/index.php\/honoraires\/\",\"name\":\"Honoraires - Magali CHAULET - Psychologue\",\"isPartOf\":{\"@id\":\"https:\/\/magalichaulet-psychologue.fr\/#website\"},\"datePublished\":\"2026-02-21T09:15:58+00:00\",\"dateModified\":\"2026-02-21T09:32:36+00:00\",\"breadcrumb\":{\"@id\":\"https:\/\/magalichaulet-psychologue.fr\/index.php\/honoraires\/#breadcrumb\"},\"inLanguage\":\"fr-FR\",\"potentialAction\":[{\"@type\":\"ReadAction\",\"target\":[\"https:\/\/magalichaulet-psychologue.fr\/index.php\/honoraires\/\"]}]},{\"@type\":\"BreadcrumbList\",\"@id\":\"https:\/\/magalichaulet-psychologue.fr\/index.php\/honoraires\/#breadcrumb\",\"itemListElement\":[{\"@type\":\"ListItem\",\"position\":1,\"name\":\"Accueil\",\"item\":\"https:\/\/magalichaulet-psychologue.fr\/\"},{\"@type\":\"ListItem\",\"position\":2,\"name\":\"Honoraires\"}]},{\"@type\":\"WebSite\",\"@id\":\"https:\/\/magalichaulet-psychologue.fr\/#website\",\"url\":\"https:\/\/magalichaulet-psychologue.fr\/\",\"name\":\"Magali CHAULET - Psychologue\",\"description\":\"psychologue, psychoth\u00e9rapeute ARS et praticienne EMDR accr\u00e9dit\u00e9e EMDR Europe\",\"publisher\":{\"@id\":\"https:\/\/magalichaulet-psychologue.fr\/#organization\"},\"potentialAction\":[{\"@type\":\"SearchAction\",\"target\":{\"@type\":\"EntryPoint\",\"urlTemplate\":\"https:\/\/magalichaulet-psychologue.fr\/?s={search_term_string}\"},\"query-input\":{\"@type\":\"PropertyValueSpecification\",\"valueRequired\":true,\"valueName\":\"search_term_string\"}}],\"inLanguage\":\"fr-FR\"},{\"@type\":\"Organization\",\"@id\":\"https:\/\/magalichaulet-psychologue.fr\/#organization\",\"name\":\"Magali CHAULET - Psychologue\",\"url\":\"https:\/\/magalichaulet-psychologue.fr\/\",\"logo\":{\"@type\":\"ImageObject\",\"inLanguage\":\"fr-FR\",\"@id\":\"https:\/\/magalichaulet-psychologue.fr\/#\/schema\/logo\/image\/\",\"url\":\"https:\/\/magalichaulet-psychologue.fr\/wp-content\/uploads\/2026\/02\/Logo-psy-6.png\",\"contentUrl\":\"https:\/\/magalichaulet-psychologue.fr\/wp-content\/uploads\/2026\/02\/Logo-psy-6.png\",\"width\":500,\"height\":500,\"caption\":\"Magali CHAULET - Psychologue\"},\"image\":{\"@id\":\"https:\/\/magalichaulet-psychologue.fr\/#\/schema\/logo\/image\/\"}}]}<\/script>\n<!-- \/ Yoast SEO plugin. -->","yoast_head_json":{"title":"Honoraires - Magali CHAULET - Psychologue","robots":{"index":"index","follow":"follow","max-snippet":"max-snippet:-1","max-image-preview":"max-image-preview:large","max-video-preview":"max-video-preview:-1"},"canonical":"https:\/\/magalichaulet-psychologue.fr\/index.php\/honoraires\/","og_locale":"fr_FR","og_type":"article","og_title":"Honoraires - Magali CHAULET - Psychologue","og_description":"Honoraires Psychologue EMDR Magali CHAULET Prendre RDV Honoraires Le montant de mes honoraires est de 85 euros.\u00a0 Les consultations durent environ une heure. \u00a0 La d\u00e9pendance na\u00eet lorsque l\u2019\u00e9change cesse d\u2019\u00eatre \u00e9quilibr\u00e9. Jacques Lacan Conditions de Paiement Le paiement s&rsquo;effectue par ch\u00e8que ou en esp\u00e8ce \u00e0 la fin de chaque s\u00e9ance. Les s\u00e9ances sont r\u00e9gl\u00e9es [&hellip;]","og_url":"https:\/\/magalichaulet-psychologue.fr\/index.php\/honoraires\/","og_site_name":"Magali CHAULET - Psychologue","article_modified_time":"2026-02-21T09:32:36+00:00","twitter_card":"summary_large_image","twitter_misc":{"Dur\u00e9e de lecture estim\u00e9e":"2 minutes"},"schema":{"@context":"https:\/\/schema.org","@graph":[{"@type":"WebPage","@id":"https:\/\/magalichaulet-psychologue.fr\/index.php\/honoraires\/","url":"https:\/\/magalichaulet-psychologue.fr\/index.php\/honoraires\/","name":"Honoraires - Magali CHAULET - Psychologue","isPartOf":{"@id":"https:\/\/magalichaulet-psychologue.fr\/#website"},"datePublished":"2026-02-21T09:15:58+00:00","dateModified":"2026-02-21T09:32:36+00:00","breadcrumb":{"@id":"https:\/\/magalichaulet-psychologue.fr\/index.php\/honoraires\/#breadcrumb"},"inLanguage":"fr-FR","potentialAction":[{"@type":"ReadAction","target":["https:\/\/magalichaulet-psychologue.fr\/index.php\/honoraires\/"]}]},{"@type":"BreadcrumbList","@id":"https:\/\/magalichaulet-psychologue.fr\/index.php\/honoraires\/#breadcrumb","itemListElement":[{"@type":"ListItem","position":1,"name":"Accueil","item":"https:\/\/magalichaulet-psychologue.fr\/"},{"@type":"ListItem","position":2,"name":"Honoraires"}]},{"@type":"WebSite","@id":"https:\/\/magalichaulet-psychologue.fr\/#website","url":"https:\/\/magalichaulet-psychologue.fr\/","name":"Magali CHAULET - Psychologue","description":"psychologue, psychoth\u00e9rapeute ARS et praticienne EMDR accr\u00e9dit\u00e9e EMDR Europe","publisher":{"@id":"https:\/\/magalichaulet-psychologue.fr\/#organization"},"potentialAction":[{"@type":"SearchAction","target":{"@type":"EntryPoint","urlTemplate":"https:\/\/magalichaulet-psychologue.fr\/?s={search_term_string}"},"query-input":{"@type":"PropertyValueSpecification","valueRequired":true,"valueName":"search_term_string"}}],"inLanguage":"fr-FR"},{"@type":"Organization","@id":"https:\/\/magalichaulet-psychologue.fr\/#organization","name":"Magali CHAULET - Psychologue","url":"https:\/\/magalichaulet-psychologue.fr\/","logo":{"@type":"ImageObject","inLanguage":"fr-FR","@id":"https:\/\/magalichaulet-psychologue.fr\/#\/schema\/logo\/image\/","url":"https:\/\/magalichaulet-psychologue.fr\/wp-content\/uploads\/2026\/02\/Logo-psy-6.png","contentUrl":"https:\/\/magalichaulet-psychologue.fr\/wp-content\/uploads\/2026\/02\/Logo-psy-6.png","width":500,"height":500,"caption":"Magali CHAULET - Psychologue"},"image":{"@id":"https:\/\/magalichaulet-psychologue.fr\/#\/schema\/logo\/image\/"}}]}},"_links":{"self":[{"href":"https:\/\/magalichaulet-psychologue.fr\/index.php\/wp-json\/wp\/v2\/pages\/90","targetHints":{"allow":["GET"]}}],"collection":[{"href":"https:\/\/magalichaulet-psychologue.fr\/index.php\/wp-json\/wp\/v2\/pages"}],"about":[{"href":"https:\/\/magalichaulet-psychologue.fr\/index.php\/wp-json\/wp\/v2\/types\/page"}],"author":[{"embeddable":true,"href":"https:\/\/magalichaulet-psychologue.fr\/index.php\/wp-json\/wp\/v2\/users\/1"}],"replies":[{"embeddable":true,"href":"https:\/\/magalichaulet-psychologue.fr\/index.php\/wp-json\/wp\/v2\/comments?post=90"}],"version-history":[{"count":16,"href":"https:\/\/magalichaulet-psychologue.fr\/index.php\/wp-json\/wp\/v2\/pages\/90\/revisions"}],"predecessor-version":[{"id":135,"href":"https:\/\/magalichaulet-psychologue.fr\/index.php\/wp-json\/wp\/v2\/pages\/90\/revisions\/135"}],"wp:attachment":[{"href":"https:\/\/magalichaulet-psychologue.fr\/index.php\/wp-json\/wp\/v2\/media?parent=90"}],"curies":[{"name":"wp","href":"https:\/\/api.w.org\/{rel}","templated":true}]}}