{"id":183,"date":"2026-04-09T12:44:17","date_gmt":"2026-04-09T12:44:17","guid":{"rendered":"https:\/\/magalichaulet-psychologue.fr\/?page_id=183"},"modified":"2026-04-09T13:04:18","modified_gmt":"2026-04-09T13:04:18","slug":"conditions-generales-de-ventes","status":"publish","type":"page","link":"https:\/\/magalichaulet-psychologue.fr\/index.php\/conditions-generales-de-ventes\/","title":{"rendered":"Conditions G\u00e9n\u00e9rales de Ventes"},"content":{"rendered":"\t\t<div data-elementor-type=\"wp-page\" data-elementor-id=\"183\" class=\"elementor elementor-183\" data-elementor-post-type=\"page\">\n\t\t\t\t<div class=\"elementor-element elementor-element-af5515a e-flex e-con-boxed e-con e-parent\" data-id=\"af5515a\" data-element_type=\"container\" data-e-type=\"container\">\n\t\t\t\t\t<div class=\"e-con-inner\">\n\t\t\t\t<div class=\"elementor-element elementor-element-2321cfe elementor-widget elementor-widget-heading\" data-id=\"2321cfe\" data-element_type=\"widget\" data-e-type=\"widget\" data-widget_type=\"heading.default\">\n\t\t\t\t\t<h2 class=\"elementor-heading-title elementor-size-default\">Conditions G\u00e9n\u00e9rales de Ventes<\/h2>\t\t\t\t<\/div>\n\t\t\t\t\t<\/div>\n\t\t\t\t<\/div>\n\t\t<div class=\"elementor-element elementor-element-b592a92 e-con-full e-flex e-con e-parent\" data-id=\"b592a92\" data-element_type=\"container\" data-e-type=\"container\">\n\t\t\t\t<div class=\"elementor-element elementor-element-fa584d6 elementor-widget elementor-widget-text-editor\" data-id=\"fa584d6\" data-element_type=\"widget\" data-e-type=\"widget\" data-widget_type=\"text-editor.default\">\n\t\t\t\t\t\t\t\t\t<h2 data-section-id=\"1apb3kh\" data-start=\"508\" data-end=\"557\">1 &#8211; Le cadre th\u00e9rapeutique<\/h2><p data-start=\"559\" data-end=\"708\">Je vous accueille dans un espace pens\u00e9 pour \u00eatre <strong data-start=\"608\" data-end=\"653\">s\u00e9curisant, bienveillant et sans jugement<\/strong>, o\u00f9 vous pouvez vous exprimer librement, \u00e0 votre rythme.<\/p><p data-start=\"710\" data-end=\"871\">Le cadre que je propose a pour objectif de soutenir le travail th\u00e9rapeutique, en posant des rep\u00e8res clairs, respectueux \u00e0 la fois de votre engagement et du mien.<\/p><p data-start=\"873\" data-end=\"1083\">Consulter un psychologue, que ce soit dans le cadre d\u2019une psychoth\u00e9rapie ou d\u2019un soutien ponctuel, s\u2019inscrit dans une d\u00e9marche personnelle qui n\u00e9cessite stabilit\u00e9, confiance et r\u00e9gularit\u00e9.<\/p><hr data-start=\"1085\" data-end=\"1088\" \/><h2 data-section-id=\"1x6hrdd\" data-start=\"1090\" data-end=\"1116\">2 &#8211; Prise de rendez-vous<\/h2><p data-start=\"1118\" data-end=\"1162\">Les consultations peuvent \u00eatre programm\u00e9es :<\/p><ul data-start=\"1163\" data-end=\"1238\"><li data-section-id=\"krgwfj\" data-start=\"1163\" data-end=\"1180\">\u00e0 la fin de chaque consultation ;\u00a0<\/li><li data-section-id=\"19s91m3\" data-start=\"1195\" data-end=\"1238\">ou via un outil de r\u00e9servation en ligne (terapiz)<\/li><\/ul><p>La prise de rendez-vous est accessible aux nouveaux patients ponctuellement, \u00e0 mesure que les places se lib\u00e8rent.\u00a0<\/p><p data-start=\"1240\" data-end=\"1310\">Un rendez-vous correspond \u00e0 un cr\u00e9neau qui vous est enti\u00e8rement r\u00e9serv\u00e9.<\/p><p data-start=\"1312\" data-end=\"1376\"><strong>Toute r\u00e9servation de rendez-vous implique l\u2019acception totale des pr\u00e9sentes conditions g\u00e9n\u00e9rales de vente<\/strong>.<\/p><hr data-start=\"1378\" data-end=\"1381\" \/><h2 data-section-id=\"e2nh2i\" data-start=\"1383\" data-end=\"1418\">3 &#8211; D\u00e9roulement des consultations<\/h2><p data-start=\"1420\" data-end=\"1556\">Les consultations s\u2019inscrivent dans une d\u00e9marche d\u2019accompagnement psychologique, centr\u00e9e sur votre v\u00e9cu, vos ressources et votre rythme.<\/p><p data-start=\"1558\" data-end=\"1742\">Je suis tenue \u00e0 une <strong data-start=\"1578\" data-end=\"1602\">obligation de moyens<\/strong>, ce qui signifie que je mets \u00e0 votre disposition mes comp\u00e9tences, mon \u00e9coute et mon expertise, sans pouvoir garantir un r\u00e9sultat pr\u00e9d\u00e9fini.<\/p><p data-start=\"1744\" data-end=\"1841\">Chaque personne avance diff\u00e9remment, et le processus th\u00e9rapeutique se construit dans la relation.<\/p><p data-start=\"1744\" data-end=\"1841\">De votre c\u00f4t\u00e9, vous \u00eates responsable de votre engagement, de votre implication et de votre assiduit\u00e9.<\/p><hr data-start=\"1843\" data-end=\"1846\" \/><h2 data-section-id=\"15w2ww\" data-start=\"1848\" data-end=\"1876\">4 &#8211; Modalit\u00e9s de r\u00e8glement<\/h2><p data-start=\"1878\" data-end=\"1962\">Les consultations durent 1 heure et sont factur\u00e9es 85 euros.<\/p><p data-start=\"1878\" data-end=\"1962\">Les s\u00e9ances sont \u00e0 r\u00e9gler \u00e0 l\u2019issue de chaque consultation.<\/p><p data-start=\"1964\" data-end=\"2009\">Moyens de paiement accept\u00e9s : Ch\u00e8ques, esp\u00e8ces.<\/p><p data-start=\"2011\" data-end=\"2041\">Toute s\u00e9ance r\u00e9alis\u00e9e est due. En cas de non paiement, aucun autre rendez-vous ne pourra \u00eatre r\u00e9serv\u00e9 et cela jusqu&rsquo;\u00e0 r\u00e9gularisation totale de la situation.<\/p><p data-start=\"2043\" data-end=\"2121\">Ce fonctionnement permet de maintenir un cadre clair et \u00e9quitable pour chacun.<\/p><hr data-start=\"2123\" data-end=\"2126\" \/><h2 data-section-id=\"5ljn4h\" data-start=\"2128\" data-end=\"2140\">5 &#8211; Retards<\/h2><p data-start=\"2142\" data-end=\"2224\"><strong>En cas de retard, la s\u00e9ance se d\u00e9roulera dans le temps restant initialement pr\u00e9vu.<\/strong><\/p><p data-start=\"2226\" data-end=\"2349\"><strong>Afin de respecter les rendez-vous suivants, la dur\u00e9e de la s\u00e9ance ne pourra pas \u00eatre prolong\u00e9e, et le tarif reste inchang\u00e9.<\/strong><\/p><hr data-start=\"2351\" data-end=\"2354\" \/><h2 data-section-id=\"6ee18b\" data-start=\"2356\" data-end=\"2382\">6 &#8211; Annulation et absence<\/h2><p data-start=\"2384\" data-end=\"2462\"><strong>Un rendez-vous peut \u00eatre annul\u00e9 ou d\u00e9plac\u00e9 jusqu\u2019\u00e0 24h \u00e0 l\u2019avance. Un SMS de rappel vous est envoy\u00e9 48h \u00e0 l&rsquo;avance.<\/strong><\/p><p data-start=\"2464\" data-end=\"2549\"><strong>En cas d\u2019annulation tardive (moins de 24h avant le rdv) ou d\u2019absence, la s\u00e9ance sera consid\u00e9r\u00e9e comme due, quelque soit le motif d&rsquo;annulation. Il ne s&rsquo;agit pas d&rsquo;un paiement pour une consultation, mais d&rsquo;une<\/strong> <strong>indemnit\u00e9 compensatrice pour le pr\u00e9judice subit. Le montant de cette indemnit\u00e9 s&rsquo;\u00e9l\u00e8ve \u00e0 85\u20ac.\u00a0<\/strong><\/p><p data-start=\"2551\" data-end=\"2664\"><strong>Ce cadre permet de pr\u00e9server la qualit\u00e9 de l\u2019organisation du cabinet et le respect du temps qui vous est r\u00e9serv\u00e9.<\/strong><\/p><hr data-start=\"2666\" data-end=\"2669\" \/><h2 data-section-id=\"1jvg8w\" data-start=\"2671\" data-end=\"2701\">7 &#8211; Engagement dans le suivi<\/h2><p data-start=\"2703\" data-end=\"2780\">Vous restez libre \u00e0 tout moment d\u2019interrompre ou de suspendre votre d\u00e9marche.<\/p><p data-start=\"2782\" data-end=\"2898\">Le travail th\u00e9rapeutique repose sur votre implication personnelle : vous en \u00eates l\u2019acteur ou l\u2019actrice principal(e).<\/p><p data-start=\"2900\" data-end=\"2995\">Je vous accompagne avec mon expertise, dans le respect de votre rythme et de votre singularit\u00e9.<\/p><p data-start=\"2900\" data-end=\"2995\">En cas d&rsquo;annulations r\u00e9p\u00e9t\u00e9es, je me r\u00e9serve le droit de stopper votre th\u00e9rapie.<\/p><p data-start=\"2900\" data-end=\"2995\">De m\u00eame, si votre probl\u00e9matique d\u00e9passe mon champ de comp\u00e9tence, je pourrais \u00eatre amen\u00e9 \u00e0 vous r\u00e9orienter vers d&rsquo;autres professionnels.<\/p><hr data-start=\"2997\" data-end=\"3000\" \/><h2 data-section-id=\"nikgng\" data-start=\"3002\" data-end=\"3023\">8 &#8211; Confidentialit\u00e9<\/h2><p data-start=\"3025\" data-end=\"3080\">Les s\u00e9ances sont couvertes par le secret professionnel.<\/p><p data-start=\"3082\" data-end=\"3138\">Ce cadre garantit un espace de parole libre et s\u00e9curis\u00e9.<\/p><p data-start=\"3140\" data-end=\"3230\">Certaines exceptions existent, conform\u00e9ment \u00e0 la loi, notamment en cas de danger imminent pour vous-m\u00eame ou pour autrui.<\/p><hr data-start=\"3232\" data-end=\"3235\" \/><h2 data-section-id=\"3yrmlr\" data-start=\"3237\" data-end=\"3284\">9 &#8211; Consultations des mineurs<\/h2><p data-start=\"3286\" data-end=\"3375\">La prise en charge des mineurs n\u00e9cessite l\u2019accord des titulaires de l\u2019autorit\u00e9 parentale.<\/p><p data-start=\"3377\" data-end=\"3484\">Dans certaines situations (s\u00e9paration, d\u00e9saccord parental), un accord des deux parents pourra \u00eatre demand\u00e9.<\/p><p data-start=\"3377\" data-end=\"3484\">Dans le cas particulier des s\u00e9parations conflictuelles, il pourra \u00eatre demand\u00e9 une autorisation aupr\u00e8s du JAF pour recevoir le mineur.<\/p><p data-start=\"3486\" data-end=\"3579\">L\u2019enfant ou l\u2019adolescent est accueilli dans un espace adapt\u00e9, favorisant la libre expression.<\/p><p data-start=\"3581\" data-end=\"3658\">Des temps d\u2019\u00e9change avec les parents sont syst\u00e9matiquement r\u00e9alis\u00e9s. Les s\u00e9ances peuvent se d\u00e9rouler, partiellement ou en totalit\u00e9, sans les parents exclusivement si l&rsquo;enfant en exprime clairement le besoin.<\/p><p data-start=\"3748\" data-end=\"3815\">L\u2019objectif est de soutenir l\u2019enfant dans son environnement.<\/p><hr data-start=\"3817\" data-end=\"3820\" \/><h2 data-section-id=\"1b5ickx\" data-start=\"3822\" data-end=\"3842\">10 &#8211; Responsabilit\u00e9<\/h2><p data-start=\"3844\" data-end=\"3913\">Les consultations propos\u00e9es ne se substituent pas \u00e0 un suivi m\u00e9dical.<\/p><p data-start=\"3915\" data-end=\"4022\">Elles s\u2019inscrivent dans une approche compl\u00e9mentaire, centr\u00e9e sur le fonctionnement psychique et \u00e9motionnel.<\/p><hr data-start=\"4024\" data-end=\"4027\" \/><h2 data-section-id=\"1mrrtvt\" data-start=\"4029\" data-end=\"4055\">11 &#8211; Donn\u00e9es personnelles<\/h2><p data-start=\"4057\" data-end=\"4165\">Les informations recueillies sont utilis\u00e9es uniquement dans le cadre de la prise de rendez-vous et du suivi.<\/p><p data-start=\"4167\" data-end=\"4301\">Conform\u00e9ment au <span class=\"hover:entity-accent entity-underline inline cursor-pointer align-baseline\"><span class=\"whitespace-normal\">R\u00e8glement G\u00e9n\u00e9ral sur la Protection des Donn\u00e9es<\/span><\/span>, vous pouvez demander l\u2019acc\u00e8s, la modification ou la suppression de vos donn\u00e9es.<\/p><hr data-start=\"4303\" data-end=\"4306\" \/><h1 data-section-id=\"gsnvof\" data-start=\"4784\" data-end=\"4829\">\u00a0<\/h1>\t\t\t\t\t\t\t\t<\/div>\n\t\t\t\t<\/div>\n\t\t\t\t<\/div>\n\t\t","protected":false},"excerpt":{"rendered":"<p>Conditions G\u00e9n\u00e9rales de Ventes 1 &#8211; Le cadre th\u00e9rapeutique Je vous accueille dans un espace pens\u00e9 pour \u00eatre s\u00e9curisant, bienveillant et sans jugement, o\u00f9 vous pouvez vous exprimer librement, \u00e0 votre rythme. Le cadre que je propose a pour objectif de soutenir le travail th\u00e9rapeutique, en posant des rep\u00e8res clairs, respectueux \u00e0 la fois de [&hellip;]<\/p>\n","protected":false},"author":1,"featured_media":0,"parent":0,"menu_order":0,"comment_status":"closed","ping_status":"closed","template":"","meta":{"footnotes":""},"class_list":["post-183","page","type-page","status-publish","hentry"],"yoast_head":"<!-- This site is optimized with the Yoast SEO plugin v27.0 - https:\/\/yoast.com\/product\/yoast-seo-wordpress\/ -->\n<title>Conditions G\u00e9n\u00e9rales de Ventes - Magali CHAULET - Psychologue<\/title>\n<meta name=\"robots\" content=\"index, follow, max-snippet:-1, max-image-preview:large, max-video-preview:-1\" \/>\n<link rel=\"canonical\" href=\"https:\/\/magalichaulet-psychologue.fr\/index.php\/conditions-generales-de-ventes\/\" \/>\n<meta property=\"og:locale\" content=\"fr_FR\" \/>\n<meta property=\"og:type\" content=\"article\" \/>\n<meta property=\"og:title\" content=\"Conditions G\u00e9n\u00e9rales de Ventes - Magali CHAULET - Psychologue\" \/>\n<meta property=\"og:description\" content=\"Conditions G\u00e9n\u00e9rales de Ventes 1 &#8211; Le cadre th\u00e9rapeutique Je vous accueille dans un espace pens\u00e9 pour \u00eatre s\u00e9curisant, bienveillant et sans jugement, o\u00f9 vous pouvez vous exprimer librement, \u00e0 votre rythme. Le cadre que je propose a pour objectif de soutenir le travail th\u00e9rapeutique, en posant des rep\u00e8res clairs, respectueux \u00e0 la fois de [&hellip;]\" \/>\n<meta property=\"og:url\" content=\"https:\/\/magalichaulet-psychologue.fr\/index.php\/conditions-generales-de-ventes\/\" \/>\n<meta property=\"og:site_name\" content=\"Magali CHAULET - Psychologue\" \/>\n<meta property=\"article:modified_time\" content=\"2026-04-09T13:04:18+00:00\" \/>\n<meta name=\"twitter:card\" content=\"summary_large_image\" \/>\n<meta name=\"twitter:label1\" content=\"Dur\u00e9e de lecture estim\u00e9e\" \/>\n\t<meta name=\"twitter:data1\" content=\"4 minutes\" \/>\n<script type=\"application\/ld+json\" class=\"yoast-schema-graph\">{\"@context\":\"https:\/\/schema.org\",\"@graph\":[{\"@type\":\"WebPage\",\"@id\":\"https:\/\/magalichaulet-psychologue.fr\/index.php\/conditions-generales-de-ventes\/\",\"url\":\"https:\/\/magalichaulet-psychologue.fr\/index.php\/conditions-generales-de-ventes\/\",\"name\":\"Conditions G\u00e9n\u00e9rales de Ventes - Magali CHAULET - Psychologue\",\"isPartOf\":{\"@id\":\"https:\/\/magalichaulet-psychologue.fr\/#website\"},\"datePublished\":\"2026-04-09T12:44:17+00:00\",\"dateModified\":\"2026-04-09T13:04:18+00:00\",\"breadcrumb\":{\"@id\":\"https:\/\/magalichaulet-psychologue.fr\/index.php\/conditions-generales-de-ventes\/#breadcrumb\"},\"inLanguage\":\"fr-FR\",\"potentialAction\":[{\"@type\":\"ReadAction\",\"target\":[\"https:\/\/magalichaulet-psychologue.fr\/index.php\/conditions-generales-de-ventes\/\"]}]},{\"@type\":\"BreadcrumbList\",\"@id\":\"https:\/\/magalichaulet-psychologue.fr\/index.php\/conditions-generales-de-ventes\/#breadcrumb\",\"itemListElement\":[{\"@type\":\"ListItem\",\"position\":1,\"name\":\"Accueil\",\"item\":\"https:\/\/magalichaulet-psychologue.fr\/\"},{\"@type\":\"ListItem\",\"position\":2,\"name\":\"Conditions G\u00e9n\u00e9rales de Ventes\"}]},{\"@type\":\"WebSite\",\"@id\":\"https:\/\/magalichaulet-psychologue.fr\/#website\",\"url\":\"https:\/\/magalichaulet-psychologue.fr\/\",\"name\":\"Magali CHAULET - Psychologue\",\"description\":\"psychologue, psychoth\u00e9rapeute ARS et praticienne EMDR accr\u00e9dit\u00e9e EMDR Europe\",\"publisher\":{\"@id\":\"https:\/\/magalichaulet-psychologue.fr\/#organization\"},\"potentialAction\":[{\"@type\":\"SearchAction\",\"target\":{\"@type\":\"EntryPoint\",\"urlTemplate\":\"https:\/\/magalichaulet-psychologue.fr\/?s={search_term_string}\"},\"query-input\":{\"@type\":\"PropertyValueSpecification\",\"valueRequired\":true,\"valueName\":\"search_term_string\"}}],\"inLanguage\":\"fr-FR\"},{\"@type\":\"Organization\",\"@id\":\"https:\/\/magalichaulet-psychologue.fr\/#organization\",\"name\":\"Magali CHAULET - Psychologue\",\"url\":\"https:\/\/magalichaulet-psychologue.fr\/\",\"logo\":{\"@type\":\"ImageObject\",\"inLanguage\":\"fr-FR\",\"@id\":\"https:\/\/magalichaulet-psychologue.fr\/#\/schema\/logo\/image\/\",\"url\":\"https:\/\/magalichaulet-psychologue.fr\/wp-content\/uploads\/2026\/02\/Logo-psy-6.png\",\"contentUrl\":\"https:\/\/magalichaulet-psychologue.fr\/wp-content\/uploads\/2026\/02\/Logo-psy-6.png\",\"width\":500,\"height\":500,\"caption\":\"Magali CHAULET - Psychologue\"},\"image\":{\"@id\":\"https:\/\/magalichaulet-psychologue.fr\/#\/schema\/logo\/image\/\"}}]}<\/script>\n<!-- \/ Yoast SEO plugin. -->","yoast_head_json":{"title":"Conditions G\u00e9n\u00e9rales de Ventes - Magali CHAULET - Psychologue","robots":{"index":"index","follow":"follow","max-snippet":"max-snippet:-1","max-image-preview":"max-image-preview:large","max-video-preview":"max-video-preview:-1"},"canonical":"https:\/\/magalichaulet-psychologue.fr\/index.php\/conditions-generales-de-ventes\/","og_locale":"fr_FR","og_type":"article","og_title":"Conditions G\u00e9n\u00e9rales de Ventes - Magali CHAULET - Psychologue","og_description":"Conditions G\u00e9n\u00e9rales de Ventes 1 &#8211; Le cadre th\u00e9rapeutique Je vous accueille dans un espace pens\u00e9 pour \u00eatre s\u00e9curisant, bienveillant et sans jugement, o\u00f9 vous pouvez vous exprimer librement, \u00e0 votre rythme. Le cadre que je propose a pour objectif de soutenir le travail th\u00e9rapeutique, en posant des rep\u00e8res clairs, respectueux \u00e0 la fois de [&hellip;]","og_url":"https:\/\/magalichaulet-psychologue.fr\/index.php\/conditions-generales-de-ventes\/","og_site_name":"Magali CHAULET - Psychologue","article_modified_time":"2026-04-09T13:04:18+00:00","twitter_card":"summary_large_image","twitter_misc":{"Dur\u00e9e de lecture estim\u00e9e":"4 minutes"},"schema":{"@context":"https:\/\/schema.org","@graph":[{"@type":"WebPage","@id":"https:\/\/magalichaulet-psychologue.fr\/index.php\/conditions-generales-de-ventes\/","url":"https:\/\/magalichaulet-psychologue.fr\/index.php\/conditions-generales-de-ventes\/","name":"Conditions G\u00e9n\u00e9rales de Ventes - Magali CHAULET - Psychologue","isPartOf":{"@id":"https:\/\/magalichaulet-psychologue.fr\/#website"},"datePublished":"2026-04-09T12:44:17+00:00","dateModified":"2026-04-09T13:04:18+00:00","breadcrumb":{"@id":"https:\/\/magalichaulet-psychologue.fr\/index.php\/conditions-generales-de-ventes\/#breadcrumb"},"inLanguage":"fr-FR","potentialAction":[{"@type":"ReadAction","target":["https:\/\/magalichaulet-psychologue.fr\/index.php\/conditions-generales-de-ventes\/"]}]},{"@type":"BreadcrumbList","@id":"https:\/\/magalichaulet-psychologue.fr\/index.php\/conditions-generales-de-ventes\/#breadcrumb","itemListElement":[{"@type":"ListItem","position":1,"name":"Accueil","item":"https:\/\/magalichaulet-psychologue.fr\/"},{"@type":"ListItem","position":2,"name":"Conditions G\u00e9n\u00e9rales de Ventes"}]},{"@type":"WebSite","@id":"https:\/\/magalichaulet-psychologue.fr\/#website","url":"https:\/\/magalichaulet-psychologue.fr\/","name":"Magali CHAULET - Psychologue","description":"psychologue, psychoth\u00e9rapeute ARS et praticienne EMDR accr\u00e9dit\u00e9e EMDR Europe","publisher":{"@id":"https:\/\/magalichaulet-psychologue.fr\/#organization"},"potentialAction":[{"@type":"SearchAction","target":{"@type":"EntryPoint","urlTemplate":"https:\/\/magalichaulet-psychologue.fr\/?s={search_term_string}"},"query-input":{"@type":"PropertyValueSpecification","valueRequired":true,"valueName":"search_term_string"}}],"inLanguage":"fr-FR"},{"@type":"Organization","@id":"https:\/\/magalichaulet-psychologue.fr\/#organization","name":"Magali CHAULET - Psychologue","url":"https:\/\/magalichaulet-psychologue.fr\/","logo":{"@type":"ImageObject","inLanguage":"fr-FR","@id":"https:\/\/magalichaulet-psychologue.fr\/#\/schema\/logo\/image\/","url":"https:\/\/magalichaulet-psychologue.fr\/wp-content\/uploads\/2026\/02\/Logo-psy-6.png","contentUrl":"https:\/\/magalichaulet-psychologue.fr\/wp-content\/uploads\/2026\/02\/Logo-psy-6.png","width":500,"height":500,"caption":"Magali CHAULET - Psychologue"},"image":{"@id":"https:\/\/magalichaulet-psychologue.fr\/#\/schema\/logo\/image\/"}}]}},"_links":{"self":[{"href":"https:\/\/magalichaulet-psychologue.fr\/index.php\/wp-json\/wp\/v2\/pages\/183","targetHints":{"allow":["GET"]}}],"collection":[{"href":"https:\/\/magalichaulet-psychologue.fr\/index.php\/wp-json\/wp\/v2\/pages"}],"about":[{"href":"https:\/\/magalichaulet-psychologue.fr\/index.php\/wp-json\/wp\/v2\/types\/page"}],"author":[{"embeddable":true,"href":"https:\/\/magalichaulet-psychologue.fr\/index.php\/wp-json\/wp\/v2\/users\/1"}],"replies":[{"embeddable":true,"href":"https:\/\/magalichaulet-psychologue.fr\/index.php\/wp-json\/wp\/v2\/comments?post=183"}],"version-history":[{"count":7,"href":"https:\/\/magalichaulet-psychologue.fr\/index.php\/wp-json\/wp\/v2\/pages\/183\/revisions"}],"predecessor-version":[{"id":191,"href":"https:\/\/magalichaulet-psychologue.fr\/index.php\/wp-json\/wp\/v2\/pages\/183\/revisions\/191"}],"wp:attachment":[{"href":"https:\/\/magalichaulet-psychologue.fr\/index.php\/wp-json\/wp\/v2\/media?parent=183"}],"curies":[{"name":"wp","href":"https:\/\/api.w.org\/{rel}","templated":true}]}}