{"id":171,"date":"2026-04-09T12:26:31","date_gmt":"2026-04-09T12:26:31","guid":{"rendered":"https:\/\/magalichaulet-psychologue.fr\/?page_id=171"},"modified":"2026-04-09T12:32:39","modified_gmt":"2026-04-09T12:32:39","slug":"mentions-legales","status":"publish","type":"page","link":"https:\/\/magalichaulet-psychologue.fr\/index.php\/mentions-legales\/","title":{"rendered":"Mentions L\u00e9gales"},"content":{"rendered":"\t\t<div data-elementor-type=\"wp-page\" data-elementor-id=\"171\" class=\"elementor elementor-171\" data-elementor-post-type=\"page\">\n\t\t\t\t<div class=\"elementor-element elementor-element-af5515a e-flex e-con-boxed e-con e-parent\" data-id=\"af5515a\" data-element_type=\"container\" data-e-type=\"container\">\n\t\t\t\t\t<div class=\"e-con-inner\">\n\t\t\t\t<div class=\"elementor-element elementor-element-2321cfe elementor-widget elementor-widget-heading\" data-id=\"2321cfe\" data-element_type=\"widget\" data-e-type=\"widget\" data-widget_type=\"heading.default\">\n\t\t\t\t\t<h2 class=\"elementor-heading-title elementor-size-default\">Mentions L\u00e9gales<\/h2>\t\t\t\t<\/div>\n\t\t\t\t\t<\/div>\n\t\t\t\t<\/div>\n\t\t<div class=\"elementor-element elementor-element-b592a92 e-con-full e-flex e-con e-parent\" data-id=\"b592a92\" data-element_type=\"container\" data-e-type=\"container\">\n\t\t\t\t<div class=\"elementor-element elementor-element-fa584d6 elementor-widget elementor-widget-text-editor\" data-id=\"fa584d6\" data-element_type=\"widget\" data-e-type=\"widget\" data-widget_type=\"text-editor.default\">\n\t\t\t\t\t\t\t\t\t<h2 data-section-id=\"1p8jlsi\" data-start=\"345\" data-end=\"366\">1. \u00c9diteur du site<\/h2>\n<p data-start=\"368\" data-end=\"471\">Le pr\u00e9sent site, accessible \u00e0 l\u2019adresse :&nbsp;<strong data-start=\"412\" data-end=\"452\"><a href=\"https:\/\/magalichaulet-psychologue.fr\" target=\"_new\" rel=\"noopener\" data-start=\"414\" data-end=\"450\">https:\/\/magalichaulet-psychologue.fr<\/a><\/strong>, est \u00e9dit\u00e9 par :<\/p>\n<p data-start=\"473\" data-end=\"689\"><strong data-start=\"473\" data-end=\"491\">Magali Chaulet<\/strong><br data-start=\"491\" data-end=\"494\">Psychologue \u2013 Psychoth\u00e9rapeute<br data-start=\"524\" data-end=\"527\">Num\u00e9ro SIRET : 898 424 304 00027<br data-start=\"555\" data-end=\"558\">Adresse du cabinet : P\u00f4le Gannat Sant\u00e9 &#8211; 2 place Rantian 03800 GANNAT<br data-start=\"597\" data-end=\"600\">Adresse e-mail : contact@magalichaulet-psychologue.fr<\/p>\n<p data-start=\"691\" data-end=\"740\">Directrice de la publication : <strong data-start=\"722\" data-end=\"740\">Magali Chaulet<\/strong><\/p>\n<hr data-start=\"742\" data-end=\"745\">\n<h2 data-section-id=\"psns3v\" data-start=\"747\" data-end=\"773\">2. Statut professionnel<\/h2>\n<p data-start=\"775\" data-end=\"909\">Magali Chaulet est <strong data-start=\"794\" data-end=\"809\">psychologue<\/strong> et <strong data-start=\"813\" data-end=\"833\">psychoth\u00e9rapeute<\/strong>, inscrite au r\u00e9pertoire ADELI \/ RPPS.<br data-start=\"871\" data-end=\"874\">Num\u00e9ro ADELI \/ RPPS : 039305032 \/ 10009898296<\/p>\n<p data-start=\"775\" data-end=\"909\">Magali Chaulet est praticienne EMDR Europe accr\u00e9dit\u00e9e par EMDR-Europe.&nbsp;<\/p>\n<p data-start=\"911\" data-end=\"961\">L&rsquo;usage du titre de psychologue est r\u00e9glement\u00e9 par&nbsp;<b>l&rsquo;article 44 de la loi n\u00b085-772 du 25 juillet 1985 compl\u00e9t\u00e9 par l&rsquo;article 57 de la loi n\u00b0 2002-303 du 4 mars 2002.<\/b><\/p>\n<p data-start=\"911\" data-end=\"961\">L&rsquo;usage du titre de psychoth\u00e9rapeute est strictement encadr\u00e9 par<b> le d\u00e9cret n\u00b0 2010-534 du 20 mais 2012.<\/b><\/p>\n<h1 style=\"box-sizing: inherit; font-size: 1.5em; margin: 0px 0px 5px; font-family: robotoslab, arial, serif; color: #4a5e81; text-align: start; line-height: 1.5em !important;\">&nbsp;<\/h1>\n<hr data-start=\"963\" data-end=\"966\">\n<h2 data-section-id=\"1tmswyu\" data-start=\"968\" data-end=\"993\">3. H\u00e9bergement du site<\/h2>\n<p data-start=\"995\" data-end=\"1020\">Le site est h\u00e9berg\u00e9 par :<\/p>\n<p data-start=\"1022\" data-end=\"1160\"><span><span>OVHcloud<\/span><\/span><br data-start=\"1059\" data-end=\"1062\">2 rue Kellermann<br data-start=\"1078\" data-end=\"1081\">59100 Roubaix \u2013 France<br data-start=\"1103\" data-end=\"1106\">T\u00e9l\u00e9phone : 1007<br data-start=\"1122\" data-end=\"1125\">Site web : <a href=\"https:\/\/www.ovhcloud.com\" target=\"_new\" rel=\"noopener\" data-start=\"1136\" data-end=\"1160\">https:\/\/www.ovhcloud.com<\/a><\/p>\n<hr data-start=\"1162\" data-end=\"1165\">\n<h2 data-section-id=\"uod61o\" data-start=\"1167\" data-end=\"1197\">4. Propri\u00e9t\u00e9 intellectuelle<\/h2>\n<p data-start=\"1199\" data-end=\"1360\">L\u2019ensemble des contenus pr\u00e9sents sur ce site (textes, images, graphismes, logo, structure\u2026) est la propri\u00e9t\u00e9 exclusive de Magali Chaulet, sauf mention contraire.<\/p>\n<p data-start=\"1362\" data-end=\"1509\">Toute reproduction, repr\u00e9sentation, modification, publication ou adaptation, totale ou partielle, est interdite sans autorisation \u00e9crite pr\u00e9alable.<\/p>\n<hr data-start=\"1511\" data-end=\"1514\">\n<h2 data-section-id=\"1qblofe\" data-start=\"1516\" data-end=\"1536\">5. Responsabilit\u00e9<\/h2>\n<p data-start=\"1538\" data-end=\"1683\">Les informations pr\u00e9sentes sur ce site s\u2019inscrivent dans une d\u00e9marche de vulgarisation et de pr\u00e9vention en sant\u00e9 mentale.&nbsp;<\/p><p data-start=\"1538\" data-end=\"1683\">Les informations diffus\u00e9es sur ce site sont fournies \u00e0 titre informatif et ne remplacent en aucun cas une consultation m\u00e9dicale ou psychologique.<\/p>\n<p data-start=\"1685\" data-end=\"1867\">Magali Chaulet s\u2019efforce de fournir des informations aussi pr\u00e9cises que possible, mais ne saurait \u00eatre tenue responsable des omissions, inexactitudes ou carences dans la mise \u00e0 jour.<\/p>\n<hr data-start=\"1869\" data-end=\"1872\">\n<h2 data-section-id=\"drga81\" data-start=\"1874\" data-end=\"1900\">6. Donn\u00e9es personnelles<\/h2>\n<p data-start=\"1902\" data-end=\"2044\">Les informations \u00e9ventuellement recueillies via les formulaires de contact sont destin\u00e9es uniquement \u00e0 r\u00e9pondre aux demandes des utilisateurs.<\/p>\n<p data-start=\"2046\" data-end=\"2198\">Conform\u00e9ment au <span><span>R\u00e8glement G\u00e9n\u00e9ral sur la Protection des Donn\u00e9es<\/span><\/span>, vous disposez d\u2019un droit d\u2019acc\u00e8s, de rectification et de suppression des donn\u00e9es vous concernant.<\/p>\n<p data-start=\"2200\" data-end=\"2260\">Pour exercer ce droit, vous pouvez contacter : contact@magalichaulet-psychologue.fr<\/p>\n<p data-start=\"2262\" data-end=\"2312\">Aucune donn\u00e9e personnelle n\u2019est c\u00e9d\u00e9e \u00e0 des tiers.<\/p>\n<hr data-start=\"2314\" data-end=\"2317\">\n<h2 data-section-id=\"qodumj\" data-start=\"2319\" data-end=\"2332\">7. Cookies<\/h2>\n<p data-start=\"2334\" data-end=\"2425\">Le site peut utiliser des cookies \u00e0 des fins de mesure d\u2019audience ou de bon fonctionnement.<\/p>\n<p data-start=\"2427\" data-end=\"2497\">L\u2019utilisateur peut configurer son navigateur pour refuser les cookies.<\/p>\n<hr data-start=\"2499\" data-end=\"2502\">\n<h2 data-section-id=\"1qwm4pm\" data-start=\"2504\" data-end=\"2526\">8. Droit applicable<\/h2>\n<p data-start=\"2528\" data-end=\"2573\">Le pr\u00e9sent site est soumis au droit fran\u00e7ais.<\/p>\t\t\t\t\t\t\t\t<\/div>\n\t\t\t\t<\/div>\n\t\t\t\t<\/div>\n\t\t","protected":false},"excerpt":{"rendered":"<p>Mentions L\u00e9gales 1. \u00c9diteur du site Le pr\u00e9sent site, accessible \u00e0 l\u2019adresse :&nbsp;https:\/\/magalichaulet-psychologue.fr, est \u00e9dit\u00e9 par : Magali ChauletPsychologue \u2013 Psychoth\u00e9rapeuteNum\u00e9ro SIRET : 898 424 304 00027Adresse du cabinet : P\u00f4le Gannat Sant\u00e9 &#8211; 2 place Rantian 03800 GANNATAdresse e-mail : contact@magalichaulet-psychologue.fr Directrice de la publication : Magali Chaulet 2. Statut professionnel Magali Chaulet est [&hellip;]<\/p>\n","protected":false},"author":1,"featured_media":0,"parent":0,"menu_order":0,"comment_status":"closed","ping_status":"closed","template":"","meta":{"footnotes":""},"class_list":["post-171","page","type-page","status-publish","hentry"],"yoast_head":"<!-- This site is optimized with the Yoast SEO plugin v27.0 - https:\/\/yoast.com\/product\/yoast-seo-wordpress\/ -->\n<title>Mentions L\u00e9gales - Magali CHAULET - Psychologue<\/title>\n<meta name=\"robots\" content=\"index, follow, max-snippet:-1, max-image-preview:large, max-video-preview:-1\" \/>\n<link rel=\"canonical\" href=\"https:\/\/magalichaulet-psychologue.fr\/index.php\/mentions-legales\/\" \/>\n<meta property=\"og:locale\" content=\"fr_FR\" \/>\n<meta property=\"og:type\" content=\"article\" \/>\n<meta property=\"og:title\" content=\"Mentions L\u00e9gales - Magali CHAULET - Psychologue\" \/>\n<meta property=\"og:description\" content=\"Mentions L\u00e9gales 1. \u00c9diteur du site Le pr\u00e9sent site, accessible \u00e0 l\u2019adresse :&nbsp;https:\/\/magalichaulet-psychologue.fr, est \u00e9dit\u00e9 par : Magali ChauletPsychologue \u2013 Psychoth\u00e9rapeuteNum\u00e9ro SIRET : 898 424 304 00027Adresse du cabinet : P\u00f4le Gannat Sant\u00e9 &#8211; 2 place Rantian 03800 GANNATAdresse e-mail : contact@magalichaulet-psychologue.fr Directrice de la publication : Magali Chaulet 2. Statut professionnel Magali Chaulet est [&hellip;]\" \/>\n<meta property=\"og:url\" content=\"https:\/\/magalichaulet-psychologue.fr\/index.php\/mentions-legales\/\" \/>\n<meta property=\"og:site_name\" content=\"Magali CHAULET - Psychologue\" \/>\n<meta property=\"article:modified_time\" content=\"2026-04-09T12:32:39+00:00\" \/>\n<meta name=\"twitter:card\" content=\"summary_large_image\" \/>\n<meta name=\"twitter:label1\" content=\"Dur\u00e9e de lecture estim\u00e9e\" \/>\n\t<meta name=\"twitter:data1\" content=\"2 minutes\" \/>\n<script type=\"application\/ld+json\" class=\"yoast-schema-graph\">{\"@context\":\"https:\/\/schema.org\",\"@graph\":[{\"@type\":\"WebPage\",\"@id\":\"https:\/\/magalichaulet-psychologue.fr\/index.php\/mentions-legales\/\",\"url\":\"https:\/\/magalichaulet-psychologue.fr\/index.php\/mentions-legales\/\",\"name\":\"Mentions L\u00e9gales - Magali CHAULET - Psychologue\",\"isPartOf\":{\"@id\":\"https:\/\/magalichaulet-psychologue.fr\/#website\"},\"datePublished\":\"2026-04-09T12:26:31+00:00\",\"dateModified\":\"2026-04-09T12:32:39+00:00\",\"breadcrumb\":{\"@id\":\"https:\/\/magalichaulet-psychologue.fr\/index.php\/mentions-legales\/#breadcrumb\"},\"inLanguage\":\"fr-FR\",\"potentialAction\":[{\"@type\":\"ReadAction\",\"target\":[\"https:\/\/magalichaulet-psychologue.fr\/index.php\/mentions-legales\/\"]}]},{\"@type\":\"BreadcrumbList\",\"@id\":\"https:\/\/magalichaulet-psychologue.fr\/index.php\/mentions-legales\/#breadcrumb\",\"itemListElement\":[{\"@type\":\"ListItem\",\"position\":1,\"name\":\"Accueil\",\"item\":\"https:\/\/magalichaulet-psychologue.fr\/\"},{\"@type\":\"ListItem\",\"position\":2,\"name\":\"Mentions L\u00e9gales\"}]},{\"@type\":\"WebSite\",\"@id\":\"https:\/\/magalichaulet-psychologue.fr\/#website\",\"url\":\"https:\/\/magalichaulet-psychologue.fr\/\",\"name\":\"Magali CHAULET - Psychologue\",\"description\":\"psychologue, psychoth\u00e9rapeute ARS et praticienne EMDR accr\u00e9dit\u00e9e EMDR Europe\",\"publisher\":{\"@id\":\"https:\/\/magalichaulet-psychologue.fr\/#organization\"},\"potentialAction\":[{\"@type\":\"SearchAction\",\"target\":{\"@type\":\"EntryPoint\",\"urlTemplate\":\"https:\/\/magalichaulet-psychologue.fr\/?s={search_term_string}\"},\"query-input\":{\"@type\":\"PropertyValueSpecification\",\"valueRequired\":true,\"valueName\":\"search_term_string\"}}],\"inLanguage\":\"fr-FR\"},{\"@type\":\"Organization\",\"@id\":\"https:\/\/magalichaulet-psychologue.fr\/#organization\",\"name\":\"Magali CHAULET - Psychologue\",\"url\":\"https:\/\/magalichaulet-psychologue.fr\/\",\"logo\":{\"@type\":\"ImageObject\",\"inLanguage\":\"fr-FR\",\"@id\":\"https:\/\/magalichaulet-psychologue.fr\/#\/schema\/logo\/image\/\",\"url\":\"https:\/\/magalichaulet-psychologue.fr\/wp-content\/uploads\/2026\/02\/Logo-psy-6.png\",\"contentUrl\":\"https:\/\/magalichaulet-psychologue.fr\/wp-content\/uploads\/2026\/02\/Logo-psy-6.png\",\"width\":500,\"height\":500,\"caption\":\"Magali CHAULET - Psychologue\"},\"image\":{\"@id\":\"https:\/\/magalichaulet-psychologue.fr\/#\/schema\/logo\/image\/\"}}]}<\/script>\n<!-- \/ Yoast SEO plugin. -->","yoast_head_json":{"title":"Mentions L\u00e9gales - Magali CHAULET - Psychologue","robots":{"index":"index","follow":"follow","max-snippet":"max-snippet:-1","max-image-preview":"max-image-preview:large","max-video-preview":"max-video-preview:-1"},"canonical":"https:\/\/magalichaulet-psychologue.fr\/index.php\/mentions-legales\/","og_locale":"fr_FR","og_type":"article","og_title":"Mentions L\u00e9gales - Magali CHAULET - Psychologue","og_description":"Mentions L\u00e9gales 1. \u00c9diteur du site Le pr\u00e9sent site, accessible \u00e0 l\u2019adresse :&nbsp;https:\/\/magalichaulet-psychologue.fr, est \u00e9dit\u00e9 par : Magali ChauletPsychologue \u2013 Psychoth\u00e9rapeuteNum\u00e9ro SIRET : 898 424 304 00027Adresse du cabinet : P\u00f4le Gannat Sant\u00e9 &#8211; 2 place Rantian 03800 GANNATAdresse e-mail : contact@magalichaulet-psychologue.fr Directrice de la publication : Magali Chaulet 2. Statut professionnel Magali Chaulet est [&hellip;]","og_url":"https:\/\/magalichaulet-psychologue.fr\/index.php\/mentions-legales\/","og_site_name":"Magali CHAULET - Psychologue","article_modified_time":"2026-04-09T12:32:39+00:00","twitter_card":"summary_large_image","twitter_misc":{"Dur\u00e9e de lecture estim\u00e9e":"2 minutes"},"schema":{"@context":"https:\/\/schema.org","@graph":[{"@type":"WebPage","@id":"https:\/\/magalichaulet-psychologue.fr\/index.php\/mentions-legales\/","url":"https:\/\/magalichaulet-psychologue.fr\/index.php\/mentions-legales\/","name":"Mentions L\u00e9gales - Magali CHAULET - Psychologue","isPartOf":{"@id":"https:\/\/magalichaulet-psychologue.fr\/#website"},"datePublished":"2026-04-09T12:26:31+00:00","dateModified":"2026-04-09T12:32:39+00:00","breadcrumb":{"@id":"https:\/\/magalichaulet-psychologue.fr\/index.php\/mentions-legales\/#breadcrumb"},"inLanguage":"fr-FR","potentialAction":[{"@type":"ReadAction","target":["https:\/\/magalichaulet-psychologue.fr\/index.php\/mentions-legales\/"]}]},{"@type":"BreadcrumbList","@id":"https:\/\/magalichaulet-psychologue.fr\/index.php\/mentions-legales\/#breadcrumb","itemListElement":[{"@type":"ListItem","position":1,"name":"Accueil","item":"https:\/\/magalichaulet-psychologue.fr\/"},{"@type":"ListItem","position":2,"name":"Mentions L\u00e9gales"}]},{"@type":"WebSite","@id":"https:\/\/magalichaulet-psychologue.fr\/#website","url":"https:\/\/magalichaulet-psychologue.fr\/","name":"Magali CHAULET - Psychologue","description":"psychologue, psychoth\u00e9rapeute ARS et praticienne EMDR accr\u00e9dit\u00e9e EMDR Europe","publisher":{"@id":"https:\/\/magalichaulet-psychologue.fr\/#organization"},"potentialAction":[{"@type":"SearchAction","target":{"@type":"EntryPoint","urlTemplate":"https:\/\/magalichaulet-psychologue.fr\/?s={search_term_string}"},"query-input":{"@type":"PropertyValueSpecification","valueRequired":true,"valueName":"search_term_string"}}],"inLanguage":"fr-FR"},{"@type":"Organization","@id":"https:\/\/magalichaulet-psychologue.fr\/#organization","name":"Magali CHAULET - Psychologue","url":"https:\/\/magalichaulet-psychologue.fr\/","logo":{"@type":"ImageObject","inLanguage":"fr-FR","@id":"https:\/\/magalichaulet-psychologue.fr\/#\/schema\/logo\/image\/","url":"https:\/\/magalichaulet-psychologue.fr\/wp-content\/uploads\/2026\/02\/Logo-psy-6.png","contentUrl":"https:\/\/magalichaulet-psychologue.fr\/wp-content\/uploads\/2026\/02\/Logo-psy-6.png","width":500,"height":500,"caption":"Magali CHAULET - Psychologue"},"image":{"@id":"https:\/\/magalichaulet-psychologue.fr\/#\/schema\/logo\/image\/"}}]}},"_links":{"self":[{"href":"https:\/\/magalichaulet-psychologue.fr\/index.php\/wp-json\/wp\/v2\/pages\/171","targetHints":{"allow":["GET"]}}],"collection":[{"href":"https:\/\/magalichaulet-psychologue.fr\/index.php\/wp-json\/wp\/v2\/pages"}],"about":[{"href":"https:\/\/magalichaulet-psychologue.fr\/index.php\/wp-json\/wp\/v2\/types\/page"}],"author":[{"embeddable":true,"href":"https:\/\/magalichaulet-psychologue.fr\/index.php\/wp-json\/wp\/v2\/users\/1"}],"replies":[{"embeddable":true,"href":"https:\/\/magalichaulet-psychologue.fr\/index.php\/wp-json\/wp\/v2\/comments?post=171"}],"version-history":[{"count":7,"href":"https:\/\/magalichaulet-psychologue.fr\/index.php\/wp-json\/wp\/v2\/pages\/171\/revisions"}],"predecessor-version":[{"id":181,"href":"https:\/\/magalichaulet-psychologue.fr\/index.php\/wp-json\/wp\/v2\/pages\/171\/revisions\/181"}],"wp:attachment":[{"href":"https:\/\/magalichaulet-psychologue.fr\/index.php\/wp-json\/wp\/v2\/media?parent=171"}],"curies":[{"name":"wp","href":"https:\/\/api.w.org\/{rel}","templated":true}]}}